{"id":3106,"date":"2023-05-26T16:51:36","date_gmt":"2023-05-26T16:51:36","guid":{"rendered":"https:\/\/acuarios-jandia.com\/tauchen-aktivitaeten\/"},"modified":"2023-06-08T09:34:36","modified_gmt":"2023-06-08T09:34:36","slug":"tauchen-aktivitaeten","status":"publish","type":"page","link":"https:\/\/acuarios-jandia.com\/de\/tauchen-aktivitaeten\/","title":{"rendered":"Aktivit\u00e4ten"},"content":{"rendered":"\t\t<div data-elementor-type=\"wp-page\" data-elementor-id=\"3106\" class=\"elementor elementor-3106 elementor-1876\">\n\t\t\t\t\t\t<section class=\"elementor-section elementor-top-section elementor-element elementor-element-cde54cd elementor-section-boxed elementor-section-height-default elementor-section-height-default\" data-id=\"cde54cd\" data-element_type=\"section\" data-e-type=\"section\" data-settings=\"{&quot;background_background&quot;:&quot;classic&quot;}\">\n\t\t\t\t\t\t<div class=\"elementor-container elementor-column-gap-default\">\n\t\t\t\t\t<div class=\"elementor-column elementor-col-100 elementor-top-column elementor-element elementor-element-43f393b\" data-id=\"43f393b\" data-element_type=\"column\" data-e-type=\"column\">\n\t\t\t<div class=\"elementor-widget-wrap elementor-element-populated\">\n\t\t\t\t\t\t<div class=\"elementor-element elementor-element-9408859 elementor-widget elementor-widget-heading\" data-id=\"9408859\" data-element_type=\"widget\" data-e-type=\"widget\" data-widget_type=\"heading.default\">\n\t\t\t\t<div class=\"elementor-widget-container\">\n\t\t\t\t\t<h2 class=\"elementor-heading-title elementor-size-default\">Was wir zu bieten haben<\/h2>\t\t\t\t<\/div>\n\t\t\t\t<\/div>\n\t\t\t\t\t<\/div>\n\t\t<\/div>\n\t\t\t\t\t<\/div>\n\t\t<\/section>\n\t\t\t\t<section class=\"elementor-section elementor-top-section elementor-element elementor-element-6adbb23 elementor-section-boxed elementor-section-height-default elementor-section-height-default\" data-id=\"6adbb23\" data-element_type=\"section\" data-e-type=\"section\">\n\t\t\t\t\t\t<div class=\"elementor-container elementor-column-gap-default\">\n\t\t\t\t\t<div class=\"elementor-column elementor-col-100 elementor-top-column elementor-element elementor-element-6685608\" data-id=\"6685608\" data-element_type=\"column\" data-e-type=\"column\">\n\t\t\t<div class=\"elementor-widget-wrap elementor-element-populated\">\n\t\t\t\t\t\t<div class=\"elementor-element elementor-element-d7467fd elementor-widget elementor-widget-text-editor\" data-id=\"d7467fd\" data-element_type=\"widget\" data-e-type=\"widget\" data-widget_type=\"text-editor.default\">\n\t\t\t\t<div class=\"elementor-widget-container\">\n\t\t\t\t\t\t\t\t\t<p><strong>Was es alles bei uns gibt\u00a0<\/strong><\/p><p><strong>Du bist genau richtig bei uns gelandet. Egal, ob du ein Neuling im Meer oder ein absoluter Experte im Wasser bist, im Acuarios Dive Center haben wir f\u00fcr jeden eine Aktivit\u00e4t. Egal, ob du alleine, mit deinem Partner oder mit der ganzen Familie in den Urlaub f\u00e4hrst, wir haben eine Aktivit\u00e4t f\u00fcr dich, an der du teilnehmen kannst.\u00a0\u00a0<\/strong><\/p><p>\u00a0<\/p><p><strong>Jung oder alt, Anf\u00e4nger oder Experte, introvertiert oder extrovertiert, allein oder in einer Gruppe, \u00e4ngstlich oder mutig&#8230; Du w\u00e4hlst, wir nehmen dich mit.\u00a0<\/strong><\/p><p>\u00a0<\/p><p><strong>Unter den unten stehenden Links findest du eine Beschreibung aller unserer Aktivit\u00e4ten. Lese sie dir durch, w\u00e4hle eine (oder mehrere) aus und ruf uns an, wenn du bereit bist, dein Abenteuer zu beginnen.<\/strong><\/p><p>\u00a0<\/p>\t\t\t\t\t\t\t\t<\/div>\n\t\t\t\t<\/div>\n\t\t\t\t\t<\/div>\n\t\t<\/div>\n\t\t\t\t\t<\/div>\n\t\t<\/section>\n\t\t\t\t<section class=\"elementor-section elementor-top-section elementor-element elementor-element-6f3b86c elementor-section-boxed elementor-section-height-default elementor-section-height-default\" data-id=\"6f3b86c\" data-element_type=\"section\" data-e-type=\"section\">\n\t\t\t\t\t\t<div class=\"elementor-container elementor-column-gap-default\">\n\t\t\t\t\t<div class=\"elementor-column elementor-col-25 elementor-top-column elementor-element elementor-element-9981029\" data-id=\"9981029\" data-element_type=\"column\" data-e-type=\"column\">\n\t\t\t<div class=\"elementor-widget-wrap elementor-element-populated\">\n\t\t\t\t\t\t<div class=\"elementor-element elementor-element-2e37cc8 elementor-widget elementor-widget-image\" data-id=\"2e37cc8\" data-element_type=\"widget\" data-e-type=\"widget\" data-widget_type=\"image.default\">\n\t\t\t\t<div class=\"elementor-widget-container\">\n\t\t\t\t\t\t\t\t\t\t\t\t\t\t\t\t<a href=\"https:\/\/acuarios-jandia.com\/wp-content\/uploads\/2023\/05\/P5172183-scaled-scaled.webp\" data-elementor-open-lightbox=\"yes\" data-elementor-lightbox-description=\"Freunde schnorcheln\" data-e-action-hash=\"#elementor-action%3Aaction%3Dlightbox%26settings%3DeyJpZCI6MzAxOCwidXJsIjoiaHR0cHM6XC9cL2FjdWFyaW9zLWphbmRpYS5jb21cL3dwLWNvbnRlbnRcL3VwbG9hZHNcLzIwMjNcLzA1XC9QNTE3MjE4My1zY2FsZWQtc2NhbGVkLndlYnAifQ%3D%3D\">\n\t\t\t\t\t\t\t<img fetchpriority=\"high\" decoding=\"async\" width=\"1024\" height=\"768\" src=\"https:\/\/acuarios-jandia.com\/wp-content\/uploads\/2023\/05\/P5172183-scaled-1024x768.webp\" class=\"attachment-large size-large wp-image-3018\" alt=\"family snorkel\" srcset=\"https:\/\/acuarios-jandia.com\/wp-content\/uploads\/2023\/05\/P5172183-scaled-1024x768.webp 1024w, https:\/\/acuarios-jandia.com\/wp-content\/uploads\/2023\/05\/P5172183-scaled-300x225.webp 300w, https:\/\/acuarios-jandia.com\/wp-content\/uploads\/2023\/05\/P5172183-scaled-768x576.webp 768w, https:\/\/acuarios-jandia.com\/wp-content\/uploads\/2023\/05\/P5172183-scaled-1536x1152.webp 1536w, https:\/\/acuarios-jandia.com\/wp-content\/uploads\/2023\/05\/P5172183-scaled-2048x1536.webp 2048w\" sizes=\"(max-width: 1024px) 100vw, 1024px\" \/>\t\t\t\t\t\t\t\t<\/a>\n\t\t\t\t\t\t\t\t\t\t\t\t\t\t\t<\/div>\n\t\t\t\t<\/div>\n\t\t\t\t<div class=\"elementor-element elementor-element-a28c37a elementor-align-center elementor-widget elementor-widget-button\" data-id=\"a28c37a\" data-element_type=\"widget\" data-e-type=\"widget\" data-widget_type=\"button.default\">\n\t\t\t\t<div class=\"elementor-widget-container\">\n\t\t\t\t\t\t\t\t\t<div class=\"elementor-button-wrapper\">\n\t\t\t\t\t<a class=\"elementor-button elementor-button-link elementor-size-sm\" href=\"https:\/\/acuarios-jandia.com\/snorkeling-in-fuerteventura\/\">\n\t\t\t\t\t\t<span class=\"elementor-button-content-wrapper\">\n\t\t\t\t\t\t\t\t\t<span class=\"elementor-button-text\">Schnorcheln<\/span>\n\t\t\t\t\t<\/span>\n\t\t\t\t\t<\/a>\n\t\t\t\t<\/div>\n\t\t\t\t\t\t\t\t<\/div>\n\t\t\t\t<\/div>\n\t\t\t\t\t<\/div>\n\t\t<\/div>\n\t\t\t\t<div class=\"elementor-column elementor-col-25 elementor-top-column elementor-element elementor-element-bbf8085\" data-id=\"bbf8085\" data-element_type=\"column\" data-e-type=\"column\">\n\t\t\t<div class=\"elementor-widget-wrap elementor-element-populated\">\n\t\t\t\t\t\t<div class=\"elementor-element elementor-element-f31a688 elementor-widget elementor-widget-image\" data-id=\"f31a688\" data-element_type=\"widget\" data-e-type=\"widget\" data-widget_type=\"image.default\">\n\t\t\t\t<div class=\"elementor-widget-container\">\n\t\t\t\t\t\t\t\t\t\t\t\t\t\t\t\t<a href=\"https:\/\/acuarios-jandia.com\/wp-content\/uploads\/2023\/05\/P7170699-scaled-scaled.webp\" data-elementor-open-lightbox=\"yes\" data-e-action-hash=\"#elementor-action%3Aaction%3Dlightbox%26settings%3DeyJpZCI6MzAyOCwidXJsIjoiaHR0cHM6XC9cL2FjdWFyaW9zLWphbmRpYS5jb21cL3dwLWNvbnRlbnRcL3VwbG9hZHNcLzIwMjNcLzA1XC9QNzE3MDY5OS1zY2FsZWQtc2NhbGVkLndlYnAifQ%3D%3D\">\n\t\t\t\t\t\t\t<img decoding=\"async\" width=\"1024\" height=\"768\" src=\"https:\/\/acuarios-jandia.com\/wp-content\/uploads\/2023\/05\/P7170699-scaled-1024x768.webp\" class=\"attachment-large size-large wp-image-3028\" alt=\"\" srcset=\"https:\/\/acuarios-jandia.com\/wp-content\/uploads\/2023\/05\/P7170699-scaled-1024x768.webp 1024w, https:\/\/acuarios-jandia.com\/wp-content\/uploads\/2023\/05\/P7170699-scaled-300x225.webp 300w, https:\/\/acuarios-jandia.com\/wp-content\/uploads\/2023\/05\/P7170699-scaled-768x576.webp 768w, https:\/\/acuarios-jandia.com\/wp-content\/uploads\/2023\/05\/P7170699-scaled-1536x1152.webp 1536w, https:\/\/acuarios-jandia.com\/wp-content\/uploads\/2023\/05\/P7170699-scaled-2048x1536.webp 2048w\" sizes=\"(max-width: 1024px) 100vw, 1024px\" \/>\t\t\t\t\t\t\t\t<\/a>\n\t\t\t\t\t\t\t\t\t\t\t\t\t\t\t<\/div>\n\t\t\t\t<\/div>\n\t\t\t\t<div class=\"elementor-element elementor-element-2ce2bcc elementor-align-center elementor-widget elementor-widget-button\" data-id=\"2ce2bcc\" data-element_type=\"widget\" data-e-type=\"widget\" data-widget_type=\"button.default\">\n\t\t\t\t<div class=\"elementor-widget-container\">\n\t\t\t\t\t\t\t\t\t<div class=\"elementor-button-wrapper\">\n\t\t\t\t\t<a class=\"elementor-button elementor-button-link elementor-size-sm\" href=\"https:\/\/acuarios-jandia.com\/try-diving\/\">\n\t\t\t\t\t\t<span class=\"elementor-button-content-wrapper\">\n\t\t\t\t\t\t\t\t\t<span class=\"elementor-button-text\">Schnuppertauchen<\/span>\n\t\t\t\t\t<\/span>\n\t\t\t\t\t<\/a>\n\t\t\t\t<\/div>\n\t\t\t\t\t\t\t\t<\/div>\n\t\t\t\t<\/div>\n\t\t\t\t\t<\/div>\n\t\t<\/div>\n\t\t\t\t<div class=\"elementor-column elementor-col-25 elementor-top-column elementor-element elementor-element-0771eea\" data-id=\"0771eea\" data-element_type=\"column\" data-e-type=\"column\">\n\t\t\t<div class=\"elementor-widget-wrap elementor-element-populated\">\n\t\t\t\t\t\t<div class=\"elementor-element elementor-element-5f75fb4 elementor-widget elementor-widget-image\" data-id=\"5f75fb4\" data-element_type=\"widget\" data-e-type=\"widget\" data-widget_type=\"image.default\">\n\t\t\t\t<div class=\"elementor-widget-container\">\n\t\t\t\t\t\t\t\t\t\t\t\t\t\t\t\t<a href=\"https:\/\/acuarios-jandia.com\/wp-content\/uploads\/2023\/05\/P1311283-scaled-scaled.webp\" data-elementor-open-lightbox=\"yes\" data-e-action-hash=\"#elementor-action%3Aaction%3Dlightbox%26settings%3DeyJpZCI6MjkxOCwidXJsIjoiaHR0cHM6XC9cL2FjdWFyaW9zLWphbmRpYS5jb21cL3dwLWNvbnRlbnRcL3VwbG9hZHNcLzIwMjNcLzA1XC9QMTMxMTI4My1zY2FsZWQtc2NhbGVkLndlYnAifQ%3D%3D\">\n\t\t\t\t\t\t\t<img decoding=\"async\" width=\"1024\" height=\"768\" src=\"https:\/\/acuarios-jandia.com\/wp-content\/uploads\/2023\/05\/P1311283-scaled-1024x768.webp\" class=\"attachment-large size-large wp-image-2918\" alt=\"\" srcset=\"https:\/\/acuarios-jandia.com\/wp-content\/uploads\/2023\/05\/P1311283-scaled-1024x768.webp 1024w, https:\/\/acuarios-jandia.com\/wp-content\/uploads\/2023\/05\/P1311283-scaled-300x225.webp 300w, https:\/\/acuarios-jandia.com\/wp-content\/uploads\/2023\/05\/P1311283-scaled-768x576.webp 768w, https:\/\/acuarios-jandia.com\/wp-content\/uploads\/2023\/05\/P1311283-scaled-1536x1152.webp 1536w, https:\/\/acuarios-jandia.com\/wp-content\/uploads\/2023\/05\/P1311283-scaled-2048x1536.webp 2048w\" sizes=\"(max-width: 1024px) 100vw, 1024px\" \/>\t\t\t\t\t\t\t\t<\/a>\n\t\t\t\t\t\t\t\t\t\t\t\t\t\t\t<\/div>\n\t\t\t\t<\/div>\n\t\t\t\t<div class=\"elementor-element elementor-element-53fccc1 elementor-align-center elementor-widget elementor-widget-button\" data-id=\"53fccc1\" data-element_type=\"widget\" data-e-type=\"widget\" data-widget_type=\"button.default\">\n\t\t\t\t<div class=\"elementor-widget-container\">\n\t\t\t\t\t\t\t\t\t<div class=\"elementor-button-wrapper\">\n\t\t\t\t\t<a class=\"elementor-button elementor-button-link elementor-size-sm\" href=\"https:\/\/acuarios-jandia.com\/courses\/\">\n\t\t\t\t\t\t<span class=\"elementor-button-content-wrapper\">\n\t\t\t\t\t\t\t\t\t<span class=\"elementor-button-text\">Tauchausbildung<\/span>\n\t\t\t\t\t<\/span>\n\t\t\t\t\t<\/a>\n\t\t\t\t<\/div>\n\t\t\t\t\t\t\t\t<\/div>\n\t\t\t\t<\/div>\n\t\t\t\t\t<\/div>\n\t\t<\/div>\n\t\t\t\t<div class=\"elementor-column elementor-col-25 elementor-top-column elementor-element elementor-element-063ff3d\" data-id=\"063ff3d\" data-element_type=\"column\" data-e-type=\"column\">\n\t\t\t<div class=\"elementor-widget-wrap elementor-element-populated\">\n\t\t\t\t\t\t<div class=\"elementor-element elementor-element-2a5d387 elementor-widget elementor-widget-image\" data-id=\"2a5d387\" data-element_type=\"widget\" data-e-type=\"widget\" data-widget_type=\"image.default\">\n\t\t\t\t<div class=\"elementor-widget-container\">\n\t\t\t\t\t\t\t\t\t\t\t\t\t\t\t\t<a href=\"https:\/\/acuarios-jandia.com\/wp-content\/uploads\/2023\/05\/P5042049-scaled.jpg\" data-elementor-open-lightbox=\"yes\" data-e-action-hash=\"#elementor-action%3Aaction%3Dlightbox%26settings%3DeyJpZCI6MjI4NywidXJsIjoiaHR0cHM6XC9cL2FjdWFyaW9zLWphbmRpYS5jb21cL3dwLWNvbnRlbnRcL3VwbG9hZHNcLzIwMjNcLzA1XC9QNTA0MjA0OS1zY2FsZWQuanBnIn0%3D\">\n\t\t\t\t\t\t\t<img loading=\"lazy\" decoding=\"async\" width=\"1024\" height=\"768\" src=\"https:\/\/acuarios-jandia.com\/wp-content\/uploads\/2023\/05\/P5042049-1024x768.jpg\" class=\"attachment-large size-large wp-image-2287\" alt=\"\" srcset=\"https:\/\/acuarios-jandia.com\/wp-content\/uploads\/2023\/05\/P5042049-1024x768.jpg 1024w, https:\/\/acuarios-jandia.com\/wp-content\/uploads\/2023\/05\/P5042049-300x225.jpg 300w, https:\/\/acuarios-jandia.com\/wp-content\/uploads\/2023\/05\/P5042049-768x576.jpg 768w, https:\/\/acuarios-jandia.com\/wp-content\/uploads\/2023\/05\/P5042049-1536x1152.jpg 1536w, https:\/\/acuarios-jandia.com\/wp-content\/uploads\/2023\/05\/P5042049-2048x1536.jpg 2048w\" sizes=\"(max-width: 1024px) 100vw, 1024px\" \/>\t\t\t\t\t\t\t\t<\/a>\n\t\t\t\t\t\t\t\t\t\t\t\t\t\t\t<\/div>\n\t\t\t\t<\/div>\n\t\t\t\t<div class=\"elementor-element elementor-element-1857326 elementor-align-center elementor-widget elementor-widget-button\" data-id=\"1857326\" data-element_type=\"widget\" data-e-type=\"widget\" data-widget_type=\"button.default\">\n\t\t\t\t<div class=\"elementor-widget-container\">\n\t\t\t\t\t\t\t\t\t<div class=\"elementor-button-wrapper\">\n\t\t\t\t\t<a class=\"elementor-button elementor-button-link elementor-size-sm\" href=\"https:\/\/acuarios-jandia.com\/dive-excursions\/\">\n\t\t\t\t\t\t<span class=\"elementor-button-content-wrapper\">\n\t\t\t\t\t\t\t\t\t<span class=\"elementor-button-text\">Tauchausfl\u00fcge<\/span>\n\t\t\t\t\t<\/span>\n\t\t\t\t\t<\/a>\n\t\t\t\t<\/div>\n\t\t\t\t\t\t\t\t<\/div>\n\t\t\t\t<\/div>\n\t\t\t\t\t<\/div>\n\t\t<\/div>\n\t\t\t\t\t<\/div>\n\t\t<\/section>\n\t\t\t\t<\/div>\n\t\t","protected":false},"excerpt":{"rendered":"<p>Was wir zu bieten haben Was es alles bei uns gibt\u00a0 Du bist genau richtig bei uns gelandet. Egal, ob du ein Neuling im Meer oder ein absoluter Experte im Wasser bist, im Acuarios Dive Center haben wir f\u00fcr jeden eine Aktivit\u00e4t. Egal, ob du alleine, mit deinem Partner oder mit der ganzen Familie in [&hellip;]<\/p>\n","protected":false},"author":1,"featured_media":0,"parent":0,"menu_order":0,"comment_status":"closed","ping_status":"closed","template":"","meta":{"site-sidebar-layout":"no-sidebar","site-content-layout":"page-builder","ast-site-content-layout":"default","site-content-style":"default","site-sidebar-style":"default","ast-global-header-display":"","ast-banner-title-visibility":"","ast-main-header-display":"","ast-hfb-above-header-display":"","ast-hfb-below-header-display":"","ast-hfb-mobile-header-display":"","site-post-title":"disabled","ast-breadcrumbs-content":"","ast-featured-img":"disabled","footer-sml-layout":"","ast-disable-related-posts":"","theme-transparent-header-meta":"","adv-header-id-meta":"","stick-header-meta":"","header-above-stick-meta":"","header-main-stick-meta":"","header-below-stick-meta":"","astra-migrate-meta-layouts":"default","ast-page-background-enabled":"default","ast-page-background-meta":{"desktop":{"background-color":"","background-image":"","background-repeat":"repeat","background-position":"center center","background-size":"auto","background-attachment":"scroll","background-type":"","background-media":"","overlay-type":"","overlay-color":"","overlay-opacity":"","overlay-gradient":""},"tablet":{"background-color":"","background-image":"","background-repeat":"repeat","background-position":"center center","background-size":"auto","background-attachment":"scroll","background-type":"","background-media":"","overlay-type":"","overlay-color":"","overlay-opacity":"","overlay-gradient":""},"mobile":{"background-color":"","background-image":"","background-repeat":"repeat","background-position":"center center","background-size":"auto","background-attachment":"scroll","background-type":"","background-media":"","overlay-type":"","overlay-color":"","overlay-opacity":"","overlay-gradient":""}},"ast-content-background-meta":{"desktop":{"background-color":"var(--ast-global-color-5)","background-image":"","background-repeat":"repeat","background-position":"center center","background-size":"auto","background-attachment":"scroll","background-type":"","background-media":"","overlay-type":"","overlay-color":"","overlay-opacity":"","overlay-gradient":""},"tablet":{"background-color":"var(--ast-global-color-5)","background-image":"","background-repeat":"repeat","background-position":"center center","background-size":"auto","background-attachment":"scroll","background-type":"","background-media":"","overlay-type":"","overlay-color":"","overlay-opacity":"","overlay-gradient":""},"mobile":{"background-color":"var(--ast-global-color-5)","background-image":"","background-repeat":"repeat","background-position":"center center","background-size":"auto","background-attachment":"scroll","background-type":"","background-media":"","overlay-type":"","overlay-color":"","overlay-opacity":"","overlay-gradient":""}},"footnotes":""},"class_list":["post-3106","page","type-page","status-publish","hentry"],"yoast_head":"<!-- This site is optimized with the Yoast SEO plugin v27.4 - https:\/\/yoast.com\/product\/yoast-seo-wordpress\/ -->\n<title>Aktivit\u00e4ten - Acuarios Jandia<\/title>\n<meta name=\"description\" content=\"Genie\u00dfen Sie unsere Tauchaktivit\u00e4ten, ob Sie alleine, mit Ihrem Partner oder mit der Familie in den Urlaub fahren, wir haben f\u00fcr jeden eine Aktivit\u00e4t;\" \/>\n<meta name=\"robots\" content=\"index, follow, max-snippet:-1, max-image-preview:large, max-video-preview:-1\" \/>\n<link rel=\"canonical\" href=\"https:\/\/acuarios-jandia.com\/de\/tauchen-aktivitaeten\/\" \/>\n<meta property=\"og:locale\" content=\"de_DE\" \/>\n<meta property=\"og:type\" content=\"article\" \/>\n<meta property=\"og:title\" content=\"Aktivit\u00e4ten - Acuarios Jandia\" \/>\n<meta property=\"og:description\" content=\"Genie\u00dfen Sie unsere Tauchaktivit\u00e4ten, ob Sie alleine, mit Ihrem Partner oder mit der Familie in den Urlaub fahren, wir haben f\u00fcr jeden eine Aktivit\u00e4t;\" \/>\n<meta property=\"og:url\" content=\"https:\/\/acuarios-jandia.com\/de\/tauchen-aktivitaeten\/\" \/>\n<meta property=\"og:site_name\" content=\"Acuarios Jandia\" \/>\n<meta property=\"article:modified_time\" content=\"2023-06-08T09:34:36+00:00\" \/>\n<meta property=\"og:image\" content=\"https:\/\/acuarios-jandia.com\/wp-content\/uploads\/2023\/05\/P5172183-scaled-1024x768.webp\" \/>\n<meta name=\"twitter:card\" content=\"summary_large_image\" \/>\n<meta name=\"twitter:label1\" content=\"Gesch\u00e4tzte Lesezeit\" \/>\n\t<meta name=\"twitter:data1\" content=\"2\u00a0Minuten\" \/>\n<script type=\"application\/ld+json\" class=\"yoast-schema-graph\">{\"@context\":\"https:\\\/\\\/schema.org\",\"@graph\":[{\"@type\":\"WebPage\",\"@id\":\"https:\\\/\\\/acuarios-jandia.com\\\/de\\\/tauchen-aktivitaeten\\\/\",\"url\":\"https:\\\/\\\/acuarios-jandia.com\\\/de\\\/tauchen-aktivitaeten\\\/\",\"name\":\"Aktivit\u00e4ten - Acuarios Jandia\",\"isPartOf\":{\"@id\":\"https:\\\/\\\/acuarios-jandia.com\\\/de\\\/#website\"},\"primaryImageOfPage\":{\"@id\":\"https:\\\/\\\/acuarios-jandia.com\\\/de\\\/tauchen-aktivitaeten\\\/#primaryimage\"},\"image\":{\"@id\":\"https:\\\/\\\/acuarios-jandia.com\\\/de\\\/tauchen-aktivitaeten\\\/#primaryimage\"},\"thumbnailUrl\":\"https:\\\/\\\/acuarios-jandia.com\\\/wp-content\\\/uploads\\\/2023\\\/05\\\/P5172183-scaled-1024x768.webp\",\"datePublished\":\"2023-05-26T16:51:36+00:00\",\"dateModified\":\"2023-06-08T09:34:36+00:00\",\"description\":\"Genie\u00dfen Sie unsere Tauchaktivit\u00e4ten, ob Sie alleine, mit Ihrem Partner oder mit der Familie in den Urlaub fahren, wir haben f\u00fcr jeden eine Aktivit\u00e4t;\",\"breadcrumb\":{\"@id\":\"https:\\\/\\\/acuarios-jandia.com\\\/de\\\/tauchen-aktivitaeten\\\/#breadcrumb\"},\"inLanguage\":\"de\",\"potentialAction\":[{\"@type\":\"ReadAction\",\"target\":[\"https:\\\/\\\/acuarios-jandia.com\\\/de\\\/tauchen-aktivitaeten\\\/\"]}]},{\"@type\":\"ImageObject\",\"inLanguage\":\"de\",\"@id\":\"https:\\\/\\\/acuarios-jandia.com\\\/de\\\/tauchen-aktivitaeten\\\/#primaryimage\",\"url\":\"https:\\\/\\\/acuarios-jandia.com\\\/wp-content\\\/uploads\\\/2023\\\/05\\\/P5172183-scaled-1024x768.webp\",\"contentUrl\":\"https:\\\/\\\/acuarios-jandia.com\\\/wp-content\\\/uploads\\\/2023\\\/05\\\/P5172183-scaled-1024x768.webp\"},{\"@type\":\"BreadcrumbList\",\"@id\":\"https:\\\/\\\/acuarios-jandia.com\\\/de\\\/tauchen-aktivitaeten\\\/#breadcrumb\",\"itemListElement\":[{\"@type\":\"ListItem\",\"position\":1,\"name\":\"Portada\",\"item\":\"https:\\\/\\\/acuarios-jandia.com\\\/de\\\/home\\\/\"},{\"@type\":\"ListItem\",\"position\":2,\"name\":\"Aktivit\u00e4ten\"}]},{\"@type\":\"WebSite\",\"@id\":\"https:\\\/\\\/acuarios-jandia.com\\\/de\\\/#website\",\"url\":\"https:\\\/\\\/acuarios-jandia.com\\\/de\\\/\",\"name\":\"Acuarios Jandia\",\"description\":\"Dive center\",\"publisher\":{\"@id\":\"https:\\\/\\\/acuarios-jandia.com\\\/de\\\/#organization\"},\"potentialAction\":[{\"@type\":\"SearchAction\",\"target\":{\"@type\":\"EntryPoint\",\"urlTemplate\":\"https:\\\/\\\/acuarios-jandia.com\\\/de\\\/?s={search_term_string}\"},\"query-input\":{\"@type\":\"PropertyValueSpecification\",\"valueRequired\":true,\"valueName\":\"search_term_string\"}}],\"inLanguage\":\"de\"},{\"@type\":\"Organization\",\"@id\":\"https:\\\/\\\/acuarios-jandia.com\\\/de\\\/#organization\",\"name\":\"Acuarios Jandia Dive Center\",\"url\":\"https:\\\/\\\/acuarios-jandia.com\\\/de\\\/\",\"logo\":{\"@type\":\"ImageObject\",\"inLanguage\":\"de\",\"@id\":\"https:\\\/\\\/acuarios-jandia.com\\\/de\\\/#\\\/schema\\\/logo\\\/image\\\/\",\"url\":\"https:\\\/\\\/acuarios-jandia.com\\\/wp-content\\\/uploads\\\/2023\\\/05\\\/Logo23-09b-e1738232819532.webp\",\"contentUrl\":\"https:\\\/\\\/acuarios-jandia.com\\\/wp-content\\\/uploads\\\/2023\\\/05\\\/Logo23-09b-e1738232819532.webp\",\"width\":709,\"height\":709,\"caption\":\"Acuarios Jandia Dive Center\"},\"image\":{\"@id\":\"https:\\\/\\\/acuarios-jandia.com\\\/de\\\/#\\\/schema\\\/logo\\\/image\\\/\"}}]}<\/script>\n<!-- \/ Yoast SEO plugin. -->","yoast_head_json":{"title":"Aktivit\u00e4ten - Acuarios Jandia","description":"Genie\u00dfen Sie unsere Tauchaktivit\u00e4ten, ob Sie alleine, mit Ihrem Partner oder mit der Familie in den Urlaub fahren, wir haben f\u00fcr jeden eine Aktivit\u00e4t;","robots":{"index":"index","follow":"follow","max-snippet":"max-snippet:-1","max-image-preview":"max-image-preview:large","max-video-preview":"max-video-preview:-1"},"canonical":"https:\/\/acuarios-jandia.com\/de\/tauchen-aktivitaeten\/","og_locale":"de_DE","og_type":"article","og_title":"Aktivit\u00e4ten - Acuarios Jandia","og_description":"Genie\u00dfen Sie unsere Tauchaktivit\u00e4ten, ob Sie alleine, mit Ihrem Partner oder mit der Familie in den Urlaub fahren, wir haben f\u00fcr jeden eine Aktivit\u00e4t;","og_url":"https:\/\/acuarios-jandia.com\/de\/tauchen-aktivitaeten\/","og_site_name":"Acuarios Jandia","article_modified_time":"2023-06-08T09:34:36+00:00","og_image":[{"url":"https:\/\/acuarios-jandia.com\/wp-content\/uploads\/2023\/05\/P5172183-scaled-1024x768.webp","type":"","width":"","height":""}],"twitter_card":"summary_large_image","twitter_misc":{"Gesch\u00e4tzte Lesezeit":"2\u00a0Minuten"},"schema":{"@context":"https:\/\/schema.org","@graph":[{"@type":"WebPage","@id":"https:\/\/acuarios-jandia.com\/de\/tauchen-aktivitaeten\/","url":"https:\/\/acuarios-jandia.com\/de\/tauchen-aktivitaeten\/","name":"Aktivit\u00e4ten - Acuarios Jandia","isPartOf":{"@id":"https:\/\/acuarios-jandia.com\/de\/#website"},"primaryImageOfPage":{"@id":"https:\/\/acuarios-jandia.com\/de\/tauchen-aktivitaeten\/#primaryimage"},"image":{"@id":"https:\/\/acuarios-jandia.com\/de\/tauchen-aktivitaeten\/#primaryimage"},"thumbnailUrl":"https:\/\/acuarios-jandia.com\/wp-content\/uploads\/2023\/05\/P5172183-scaled-1024x768.webp","datePublished":"2023-05-26T16:51:36+00:00","dateModified":"2023-06-08T09:34:36+00:00","description":"Genie\u00dfen Sie unsere Tauchaktivit\u00e4ten, ob Sie alleine, mit Ihrem Partner oder mit der Familie in den Urlaub fahren, wir haben f\u00fcr jeden eine Aktivit\u00e4t;","breadcrumb":{"@id":"https:\/\/acuarios-jandia.com\/de\/tauchen-aktivitaeten\/#breadcrumb"},"inLanguage":"de","potentialAction":[{"@type":"ReadAction","target":["https:\/\/acuarios-jandia.com\/de\/tauchen-aktivitaeten\/"]}]},{"@type":"ImageObject","inLanguage":"de","@id":"https:\/\/acuarios-jandia.com\/de\/tauchen-aktivitaeten\/#primaryimage","url":"https:\/\/acuarios-jandia.com\/wp-content\/uploads\/2023\/05\/P5172183-scaled-1024x768.webp","contentUrl":"https:\/\/acuarios-jandia.com\/wp-content\/uploads\/2023\/05\/P5172183-scaled-1024x768.webp"},{"@type":"BreadcrumbList","@id":"https:\/\/acuarios-jandia.com\/de\/tauchen-aktivitaeten\/#breadcrumb","itemListElement":[{"@type":"ListItem","position":1,"name":"Portada","item":"https:\/\/acuarios-jandia.com\/de\/home\/"},{"@type":"ListItem","position":2,"name":"Aktivit\u00e4ten"}]},{"@type":"WebSite","@id":"https:\/\/acuarios-jandia.com\/de\/#website","url":"https:\/\/acuarios-jandia.com\/de\/","name":"Acuarios Jandia","description":"Dive center","publisher":{"@id":"https:\/\/acuarios-jandia.com\/de\/#organization"},"potentialAction":[{"@type":"SearchAction","target":{"@type":"EntryPoint","urlTemplate":"https:\/\/acuarios-jandia.com\/de\/?s={search_term_string}"},"query-input":{"@type":"PropertyValueSpecification","valueRequired":true,"valueName":"search_term_string"}}],"inLanguage":"de"},{"@type":"Organization","@id":"https:\/\/acuarios-jandia.com\/de\/#organization","name":"Acuarios Jandia Dive Center","url":"https:\/\/acuarios-jandia.com\/de\/","logo":{"@type":"ImageObject","inLanguage":"de","@id":"https:\/\/acuarios-jandia.com\/de\/#\/schema\/logo\/image\/","url":"https:\/\/acuarios-jandia.com\/wp-content\/uploads\/2023\/05\/Logo23-09b-e1738232819532.webp","contentUrl":"https:\/\/acuarios-jandia.com\/wp-content\/uploads\/2023\/05\/Logo23-09b-e1738232819532.webp","width":709,"height":709,"caption":"Acuarios Jandia Dive Center"},"image":{"@id":"https:\/\/acuarios-jandia.com\/de\/#\/schema\/logo\/image\/"}}]}},"_links":{"self":[{"href":"https:\/\/acuarios-jandia.com\/de\/wp-json\/wp\/v2\/pages\/3106","targetHints":{"allow":["GET"]}}],"collection":[{"href":"https:\/\/acuarios-jandia.com\/de\/wp-json\/wp\/v2\/pages"}],"about":[{"href":"https:\/\/acuarios-jandia.com\/de\/wp-json\/wp\/v2\/types\/page"}],"author":[{"embeddable":true,"href":"https:\/\/acuarios-jandia.com\/de\/wp-json\/wp\/v2\/users\/1"}],"replies":[{"embeddable":true,"href":"https:\/\/acuarios-jandia.com\/de\/wp-json\/wp\/v2\/comments?post=3106"}],"version-history":[{"count":5,"href":"https:\/\/acuarios-jandia.com\/de\/wp-json\/wp\/v2\/pages\/3106\/revisions"}],"predecessor-version":[{"id":3307,"href":"https:\/\/acuarios-jandia.com\/de\/wp-json\/wp\/v2\/pages\/3106\/revisions\/3307"}],"wp:attachment":[{"href":"https:\/\/acuarios-jandia.com\/de\/wp-json\/wp\/v2\/media?parent=3106"}],"curies":[{"name":"wp","href":"https:\/\/api.w.org\/{rel}","templated":true}]}}