{"id":3131,"date":"2023-04-24T21:20:17","date_gmt":"2023-04-24T21:20:17","guid":{"rendered":"https:\/\/acuarios-jandia.com\/newsletter\/"},"modified":"2023-06-08T11:52:16","modified_gmt":"2023-06-08T11:52:16","slug":"newsletter","status":"publish","type":"page","link":"https:\/\/acuarios-jandia.com\/de\/newsletter\/","title":{"rendered":"Newsletter"},"content":{"rendered":"\t\t<div data-elementor-type=\"wp-page\" data-elementor-id=\"3131\" class=\"elementor elementor-3131 elementor-946\">\n\t\t\t\t\t\t<section class=\"elementor-section elementor-top-section elementor-element elementor-element-07fed6a elementor-section-boxed elementor-section-height-default elementor-section-height-default\" data-id=\"07fed6a\" data-element_type=\"section\" data-e-type=\"section\">\n\t\t\t\t\t\t<div class=\"elementor-container elementor-column-gap-default\">\n\t\t\t\t\t<div class=\"elementor-column elementor-col-100 elementor-top-column elementor-element elementor-element-47229d8\" data-id=\"47229d8\" data-element_type=\"column\" data-e-type=\"column\">\n\t\t\t<div class=\"elementor-widget-wrap elementor-element-populated\">\n\t\t\t\t\t\t<div class=\"elementor-element elementor-element-5a71e20 elementor-widget elementor-widget-image\" data-id=\"5a71e20\" data-element_type=\"widget\" data-e-type=\"widget\" data-widget_type=\"image.default\">\n\t\t\t\t<div class=\"elementor-widget-container\">\n\t\t\t\t\t\t\t\t\t\t\t\t\t\t\t<img fetchpriority=\"high\" decoding=\"async\" width=\"768\" height=\"512\" src=\"https:\/\/acuarios-jandia.com\/wp-content\/uploads\/2023\/04\/olivia-and-bernd-webp-768x512.jpg\" class=\"attachment-medium_large size-medium_large wp-image-2175\" alt=\"Los Propietarios de Acuarios\" srcset=\"https:\/\/acuarios-jandia.com\/wp-content\/uploads\/2023\/04\/olivia-and-bernd-webp-768x512.jpg 768w, https:\/\/acuarios-jandia.com\/wp-content\/uploads\/2023\/04\/olivia-and-bernd-webp-300x200.jpg 300w, https:\/\/acuarios-jandia.com\/wp-content\/uploads\/2023\/04\/olivia-and-bernd-webp.jpg 1024w\" sizes=\"(max-width: 768px) 100vw, 768px\" \/>\t\t\t\t\t\t\t\t\t\t\t\t\t\t\t<\/div>\n\t\t\t\t<\/div>\n\t\t\t\t\t<\/div>\n\t\t<\/div>\n\t\t\t\t\t<\/div>\n\t\t<\/section>\n\t\t\t\t<section class=\"elementor-section elementor-top-section elementor-element elementor-element-0ef1a2d elementor-section-boxed elementor-section-height-default elementor-section-height-default\" data-id=\"0ef1a2d\" data-element_type=\"section\" data-e-type=\"section\">\n\t\t\t\t\t\t<div class=\"elementor-container elementor-column-gap-default\">\n\t\t\t\t\t<div class=\"elementor-column elementor-col-100 elementor-top-column elementor-element elementor-element-f6191b1\" data-id=\"f6191b1\" data-element_type=\"column\" data-e-type=\"column\">\n\t\t\t<div class=\"elementor-widget-wrap elementor-element-populated\">\n\t\t\t\t\t\t<div class=\"elementor-element elementor-element-138445f elementor-widget elementor-widget-heading\" data-id=\"138445f\" data-element_type=\"widget\" data-e-type=\"widget\" data-widget_type=\"heading.default\">\n\t\t\t\t<div class=\"elementor-widget-container\">\n\t\t\t\t\t<h3 class=\"elementor-heading-title elementor-size-default\">Wir m\u00f6chten Sie \u00fcber die Entwicklung unserer Tauchbasis (jetzt Plural) auf dem Laufenden halten... deshalb ver\u00f6ffentlichen wir ab und zu etwas Interessantes in unserem Newsletter.\n\n\n\n\n<\/h3>\t\t\t\t<\/div>\n\t\t\t\t<\/div>\n\t\t\t\t<div class=\"elementor-element elementor-element-544b8ce elementor-widget elementor-widget-text-editor\" data-id=\"544b8ce\" data-element_type=\"widget\" data-e-type=\"widget\" data-widget_type=\"text-editor.default\">\n\t\t\t\t<div class=\"elementor-widget-container\">\n\t\t\t\t\t\t\t\t\t<p><strong>Schauen Sie ab und zu vorbei, um die Neuheiten des Zentrums und seiner Umgebung kennenzulernen.<\/strong><br \/><strong>Viel Spa\u00df!<\/strong><\/p>\n\t\t\t\t\t\t\t\t<\/div>\n\t\t\t\t<\/div>\n\t\t\t\t<div class=\"elementor-element elementor-element-a3bd1c1 elementor-widget elementor-widget-text-editor\" data-id=\"a3bd1c1\" data-element_type=\"widget\" data-e-type=\"widget\" data-widget_type=\"text-editor.default\">\n\t\t\t\t<div class=\"elementor-widget-container\">\n\t\t\t\t\t\t\t\t\t<style>.wp-show-posts-columns#wpsp-964 {margin-left: -2em; }.wp-show-posts-columns#wpsp-964 .wp-show-posts-inner {margin: 0 0 2em 2em; }<\/style><section id=\"wpsp-964\" class=\" wp-show-posts\" style=\"\"><article class=\" wp-show-posts-single wpsp-clearfix post-3149 post type-post status-publish format-standard has-post-thumbnail hentry category-unkategorisiert\" itemtype=\"http:\/\/schema.org\/CreativeWork\" itemscope><div class=\"wp-show-posts-inner\" style=\"\">\t\t\t\t\t\t<header class=\"wp-show-posts-entry-header\">\n\t\t\t\t\t\t\t<h3 class=\"wp-show-posts-entry-title\" itemprop=\"headline\"><a href=\"https:\/\/acuarios-jandia.com\/de\/update-2023\/\" rel=\"bookmark\">UPDATE 2023<\/a><\/h3>\t\t\t\t\t\t<\/header><!-- .entry-header -->\n\t\t\t\t\t\t\t<div class=\"wp-show-posts-image  wpsp-image-center \">\n\t\t\t<a href=\"https:\/\/acuarios-jandia.com\/de\/update-2023\/\"  title=\"UPDATE 2023\"><img decoding=\"async\" width=\"600\" height=\"450\" src=\"https:\/\/acuarios-jandia.com\/wp-content\/uploads\/2023\/04\/phoca_thumb_l_bearbdsc00014.jpg\" class=\"attachment-full size-full wp-post-image\" alt=\"\" itemprop=\"image\" srcset=\"https:\/\/acuarios-jandia.com\/wp-content\/uploads\/2023\/04\/phoca_thumb_l_bearbdsc00014.jpg 600w, https:\/\/acuarios-jandia.com\/wp-content\/uploads\/2023\/04\/phoca_thumb_l_bearbdsc00014-300x225.jpg 300w\" sizes=\"(max-width: 600px) 100vw, 600px\" \/><\/a>\t\t<\/div>\n\t\t\t\t\t\t\t\t<div class=\"wp-show-posts-entry-summary\" itemprop=\"text\">\n\t\t\t\t\t\t\t<p>Hallo liebe Community, Das Jahr 2022 neigt sich dem Ende zu und obwohl die Situation&#8230;<\/p>\n\t\t\t\t\t\t<\/div><!-- .entry-summary -->\n\t\t\t\t\t<div class=\"wpsp-read-more\"><a title=\"UPDATE 2023\" class=\"wp-show-posts-read-more\" href=\"https:\/\/acuarios-jandia.com\/de\/update-2023\/\">read more<\/a><\/div><\/div><!-- wp-show-posts-inner --><div class=\"wpsp-clear\"><\/div><\/article><article class=\" wp-show-posts-single wpsp-clearfix post-3145 post type-post status-publish format-standard has-post-thumbnail hentry category-unkategorisiert\" itemtype=\"http:\/\/schema.org\/CreativeWork\" itemscope><div class=\"wp-show-posts-inner\" style=\"\">\t\t\t\t\t\t<header class=\"wp-show-posts-entry-header\">\n\t\t\t\t\t\t\t<h3 class=\"wp-show-posts-entry-title\" itemprop=\"headline\"><a href=\"https:\/\/acuarios-jandia.com\/de\/ostern-2022\/\" rel=\"bookmark\">OSTERN 2022<\/a><\/h3>\t\t\t\t\t\t<\/header><!-- .entry-header -->\n\t\t\t\t\t\t\t<div class=\"wp-show-posts-image  wpsp-image-center \">\n\t\t\t<a href=\"https:\/\/acuarios-jandia.com\/de\/ostern-2022\/\"  title=\"OSTERN 2022\"><img decoding=\"async\" width=\"600\" height=\"450\" src=\"https:\/\/acuarios-jandia.com\/wp-content\/uploads\/2023\/04\/phoca_thumb_l_p1010087.jpg\" class=\"attachment-full size-full wp-post-image\" alt=\"\" itemprop=\"image\" srcset=\"https:\/\/acuarios-jandia.com\/wp-content\/uploads\/2023\/04\/phoca_thumb_l_p1010087.jpg 600w, https:\/\/acuarios-jandia.com\/wp-content\/uploads\/2023\/04\/phoca_thumb_l_p1010087-300x225.jpg 300w\" sizes=\"(max-width: 600px) 100vw, 600px\" \/><\/a>\t\t<\/div>\n\t\t\t\t\t\t\t\t<div class=\"wp-show-posts-entry-summary\" itemprop=\"text\">\n\t\t\t\t\t\t\t<p>Hallo liebe Comunity, ich hoffe es geht Euch allen gut und wir alle haben den&#8230;<\/p>\n\t\t\t\t\t\t<\/div><!-- .entry-summary -->\n\t\t\t\t\t<div class=\"wpsp-read-more\"><a title=\"OSTERN 2022\" class=\"wp-show-posts-read-more\" href=\"https:\/\/acuarios-jandia.com\/de\/ostern-2022\/\">read more<\/a><\/div><\/div><!-- wp-show-posts-inner --><div class=\"wpsp-clear\"><\/div><\/article><article class=\" wp-show-posts-single wpsp-clearfix post-3143 post type-post status-publish format-standard has-post-thumbnail hentry category-unkategorisiert\" itemtype=\"http:\/\/schema.org\/CreativeWork\" itemscope><div class=\"wp-show-posts-inner\" style=\"\">\t\t\t\t\t\t<header class=\"wp-show-posts-entry-header\">\n\t\t\t\t\t\t\t<h3 class=\"wp-show-posts-entry-title\" itemprop=\"headline\"><a href=\"https:\/\/acuarios-jandia.com\/de\/update-september-2021\/\" rel=\"bookmark\">UPDATE SEPTEMBER 2021<\/a><\/h3>\t\t\t\t\t\t<\/header><!-- .entry-header -->\n\t\t\t\t\t\t\t<div class=\"wp-show-posts-image  wpsp-image-center \">\n\t\t\t<a href=\"https:\/\/acuarios-jandia.com\/de\/update-september-2021\/\"  title=\"UPDATE SEPTEMBER 2021\"><img loading=\"lazy\" decoding=\"async\" width=\"600\" height=\"338\" src=\"https:\/\/acuarios-jandia.com\/wp-content\/uploads\/2023\/04\/phoca_thumb_l_dsc00191.jpg\" class=\"attachment-full size-full wp-post-image\" alt=\"\" itemprop=\"image\" srcset=\"https:\/\/acuarios-jandia.com\/wp-content\/uploads\/2023\/04\/phoca_thumb_l_dsc00191.jpg 600w, https:\/\/acuarios-jandia.com\/wp-content\/uploads\/2023\/04\/phoca_thumb_l_dsc00191-300x169.jpg 300w\" sizes=\"(max-width: 600px) 100vw, 600px\" \/><\/a>\t\t<\/div>\n\t\t\t\t\t\t\t\t<div class=\"wp-show-posts-entry-summary\" itemprop=\"text\">\n\t\t\t\t\t\t\t<p>Hallo liebe Gemeinde, ein Update der Sommersaison: Olivia und ich haben den Sommer zusammen mit&#8230;<\/p>\n\t\t\t\t\t\t<\/div><!-- .entry-summary -->\n\t\t\t\t\t<div class=\"wpsp-read-more\"><a title=\"UPDATE SEPTEMBER 2021\" class=\"wp-show-posts-read-more\" href=\"https:\/\/acuarios-jandia.com\/de\/update-september-2021\/\">read more<\/a><\/div><\/div><!-- wp-show-posts-inner --><div class=\"wpsp-clear\"><\/div><\/article><article class=\" wp-show-posts-single wpsp-clearfix post-3139 post type-post status-publish format-standard has-post-thumbnail hentry category-unkategorisiert\" itemtype=\"http:\/\/schema.org\/CreativeWork\" itemscope><div class=\"wp-show-posts-inner\" style=\"\">\t\t\t\t\t\t<header class=\"wp-show-posts-entry-header\">\n\t\t\t\t\t\t\t<h3 class=\"wp-show-posts-entry-title\" itemprop=\"headline\"><a href=\"https:\/\/acuarios-jandia.com\/de\/2021\/\" rel=\"bookmark\">2021<\/a><\/h3>\t\t\t\t\t\t<\/header><!-- .entry-header -->\n\t\t\t\t\t\t\t<div class=\"wp-show-posts-image  wpsp-image-center \">\n\t\t\t<a href=\"https:\/\/acuarios-jandia.com\/de\/2021\/\"  title=\"2021\"><img loading=\"lazy\" decoding=\"async\" width=\"600\" height=\"450\" src=\"https:\/\/acuarios-jandia.com\/wp-content\/uploads\/2023\/04\/phoca_thumb_l_pic_0384.jpg\" class=\"attachment-full size-full wp-post-image\" alt=\"\" itemprop=\"image\" srcset=\"https:\/\/acuarios-jandia.com\/wp-content\/uploads\/2023\/04\/phoca_thumb_l_pic_0384.jpg 600w, https:\/\/acuarios-jandia.com\/wp-content\/uploads\/2023\/04\/phoca_thumb_l_pic_0384-300x225.jpg 300w\" sizes=\"(max-width: 600px) 100vw, 600px\" \/><\/a>\t\t<\/div>\n\t\t\t\t\t\t\t\t<div class=\"wp-show-posts-entry-summary\" itemprop=\"text\">\n\t\t\t\t\t\t\t<p>Hallo liebe Gemeinde! Ja, es gibt uns noch und wir sind seit Anfang des Jahres&#8230;<\/p>\n\t\t\t\t\t\t<\/div><!-- .entry-summary -->\n\t\t\t\t\t<div class=\"wpsp-read-more\"><a title=\"2021\" class=\"wp-show-posts-read-more\" href=\"https:\/\/acuarios-jandia.com\/de\/2021\/\">read more<\/a><\/div><\/div><!-- wp-show-posts-inner --><div class=\"wpsp-clear\"><\/div><\/article><article class=\" wp-show-posts-single wpsp-clearfix post-3135 post type-post status-publish format-aside has-post-thumbnail hentry category-unkategorisiert post_format-post-format-aside\" itemtype=\"http:\/\/schema.org\/CreativeWork\" itemscope><div class=\"wp-show-posts-inner\" style=\"\">\t\t\t\t\t\t<header class=\"wp-show-posts-entry-header\">\n\t\t\t\t\t\t\t<h3 class=\"wp-show-posts-entry-title\" itemprop=\"headline\"><a href=\"https:\/\/acuarios-jandia.com\/de\/weihnachten-2020\/\" rel=\"bookmark\">Weihnachten 2020<\/a><\/h3>\t\t\t\t\t\t<\/header><!-- .entry-header -->\n\t\t\t\t\t\t\t<div class=\"wp-show-posts-image  wpsp-image-center \">\n\t\t\t<a href=\"https:\/\/acuarios-jandia.com\/de\/weihnachten-2020\/\"  title=\"Weihnachten 2020\"><img loading=\"lazy\" decoding=\"async\" width=\"600\" height=\"450\" src=\"https:\/\/acuarios-jandia.com\/wp-content\/uploads\/2023\/04\/phoca_thumb_l_wehnachten-am-riff3.jpg\" class=\"attachment-full size-full wp-post-image\" alt=\"\" itemprop=\"image\" srcset=\"https:\/\/acuarios-jandia.com\/wp-content\/uploads\/2023\/04\/phoca_thumb_l_wehnachten-am-riff3.jpg 600w, https:\/\/acuarios-jandia.com\/wp-content\/uploads\/2023\/04\/phoca_thumb_l_wehnachten-am-riff3-300x225.jpg 300w\" sizes=\"(max-width: 600px) 100vw, 600px\" \/><\/a>\t\t<\/div>\n\t\t\t\t\t\t\t\t<div class=\"wp-show-posts-entry-summary\" itemprop=\"text\">\n\t\t\t\t\t\t\t<p>Auch in diesem seltsamen und sicher nicht einfachen Jahr senden wir Ihnen Weihnachtsgr\u00fc\u00dfe aus dem&#8230;<\/p>\n\t\t\t\t\t\t<\/div><!-- .entry-summary -->\n\t\t\t\t\t<div class=\"wpsp-read-more\"><a title=\"Weihnachten 2020\" class=\"wp-show-posts-read-more\" href=\"https:\/\/acuarios-jandia.com\/de\/weihnachten-2020\/\">read more<\/a><\/div><\/div><!-- wp-show-posts-inner --><div class=\"wpsp-clear\"><\/div><\/article><\/section><!-- .wp-show-posts -->\n\t\t\t\t\t\t\t\t<\/div>\n\t\t\t\t<\/div>\n\t\t\t\t\t<\/div>\n\t\t<\/div>\n\t\t\t\t\t<\/div>\n\t\t<\/section>\n\t\t\t\t<\/div>\n\t\t","protected":false},"excerpt":{"rendered":"<p>Wir m\u00f6chten Sie \u00fcber die Entwicklung unserer Tauchbasis (jetzt Plural) auf dem Laufenden halten&#8230; deshalb ver\u00f6ffentlichen wir ab und zu etwas Interessantes in unserem Newsletter. Schauen Sie ab und zu vorbei, um die Neuheiten des Zentrums und seiner Umgebung kennenzulernen.Viel Spa\u00df!<\/p>\n","protected":false},"author":1,"featured_media":0,"parent":0,"menu_order":0,"comment_status":"closed","ping_status":"closed","template":"","meta":{"site-sidebar-layout":"no-sidebar","site-content-layout":"page-builder","ast-site-content-layout":"default","site-content-style":"default","site-sidebar-style":"default","ast-global-header-display":"","ast-banner-title-visibility":"","ast-main-header-display":"","ast-hfb-above-header-display":"","ast-hfb-below-header-display":"","ast-hfb-mobile-header-display":"","site-post-title":"disabled","ast-breadcrumbs-content":"","ast-featured-img":"disabled","footer-sml-layout":"","ast-disable-related-posts":"","theme-transparent-header-meta":"","adv-header-id-meta":"","stick-header-meta":"","header-above-stick-meta":"","header-main-stick-meta":"","header-below-stick-meta":"","astra-migrate-meta-layouts":"default","ast-page-background-enabled":"default","ast-page-background-meta":{"desktop":{"background-color":"","background-image":"","background-repeat":"repeat","background-position":"center center","background-size":"auto","background-attachment":"scroll","background-type":"","background-media":"","overlay-type":"","overlay-color":"","overlay-opacity":"","overlay-gradient":""},"tablet":{"background-color":"","background-image":"","background-repeat":"repeat","background-position":"center center","background-size":"auto","background-attachment":"scroll","background-type":"","background-media":"","overlay-type":"","overlay-color":"","overlay-opacity":"","overlay-gradient":""},"mobile":{"background-color":"","background-image":"","background-repeat":"repeat","background-position":"center center","background-size":"auto","background-attachment":"scroll","background-type":"","background-media":"","overlay-type":"","overlay-color":"","overlay-opacity":"","overlay-gradient":""}},"ast-content-background-meta":{"desktop":{"background-color":"var(--ast-global-color-5)","background-image":"","background-repeat":"repeat","background-position":"center center","background-size":"auto","background-attachment":"scroll","background-type":"","background-media":"","overlay-type":"","overlay-color":"","overlay-opacity":"","overlay-gradient":""},"tablet":{"background-color":"var(--ast-global-color-5)","background-image":"","background-repeat":"repeat","background-position":"center center","background-size":"auto","background-attachment":"scroll","background-type":"","background-media":"","overlay-type":"","overlay-color":"","overlay-opacity":"","overlay-gradient":""},"mobile":{"background-color":"var(--ast-global-color-5)","background-image":"","background-repeat":"repeat","background-position":"center center","background-size":"auto","background-attachment":"scroll","background-type":"","background-media":"","overlay-type":"","overlay-color":"","overlay-opacity":"","overlay-gradient":""}},"footnotes":""},"class_list":["post-3131","page","type-page","status-publish","hentry"],"yoast_head":"<!-- This site is optimized with the Yoast SEO plugin v27.4 - https:\/\/yoast.com\/product\/yoast-seo-wordpress\/ -->\n<title>Newsletter - Acuarios Jandia<\/title>\n<meta name=\"robots\" content=\"index, follow, max-snippet:-1, max-image-preview:large, max-video-preview:-1\" \/>\n<link rel=\"canonical\" href=\"https:\/\/acuarios-jandia.com\/de\/newsletter\/\" \/>\n<meta property=\"og:locale\" content=\"de_DE\" \/>\n<meta property=\"og:type\" content=\"article\" \/>\n<meta property=\"og:title\" content=\"Newsletter - Acuarios Jandia\" \/>\n<meta property=\"og:description\" content=\"Wir m\u00f6chten Sie \u00fcber die Entwicklung unserer Tauchbasis (jetzt Plural) auf dem Laufenden halten&#8230; deshalb ver\u00f6ffentlichen wir ab und zu etwas Interessantes in unserem Newsletter. Schauen Sie ab und zu vorbei, um die Neuheiten des Zentrums und seiner Umgebung kennenzulernen.Viel Spa\u00df!\" \/>\n<meta property=\"og:url\" content=\"https:\/\/acuarios-jandia.com\/de\/newsletter\/\" \/>\n<meta property=\"og:site_name\" content=\"Acuarios Jandia\" \/>\n<meta property=\"article:modified_time\" content=\"2023-06-08T11:52:16+00:00\" \/>\n<meta property=\"og:image\" content=\"https:\/\/acuarios-jandia.com\/wp-content\/uploads\/2023\/04\/olivia-and-bernd-webp-768x512.jpg\" \/>\n<meta name=\"twitter:card\" content=\"summary_large_image\" \/>\n<meta name=\"twitter:label1\" content=\"Gesch\u00e4tzte Lesezeit\" \/>\n\t<meta name=\"twitter:data1\" content=\"3\u00a0Minuten\" \/>\n<script type=\"application\/ld+json\" class=\"yoast-schema-graph\">{\"@context\":\"https:\\\/\\\/schema.org\",\"@graph\":[{\"@type\":\"WebPage\",\"@id\":\"https:\\\/\\\/acuarios-jandia.com\\\/de\\\/newsletter\\\/\",\"url\":\"https:\\\/\\\/acuarios-jandia.com\\\/de\\\/newsletter\\\/\",\"name\":\"Newsletter - Acuarios Jandia\",\"isPartOf\":{\"@id\":\"https:\\\/\\\/acuarios-jandia.com\\\/de\\\/#website\"},\"primaryImageOfPage\":{\"@id\":\"https:\\\/\\\/acuarios-jandia.com\\\/de\\\/newsletter\\\/#primaryimage\"},\"image\":{\"@id\":\"https:\\\/\\\/acuarios-jandia.com\\\/de\\\/newsletter\\\/#primaryimage\"},\"thumbnailUrl\":\"https:\\\/\\\/acuarios-jandia.com\\\/wp-content\\\/uploads\\\/2023\\\/04\\\/olivia-and-bernd-webp-768x512.jpg\",\"datePublished\":\"2023-04-24T21:20:17+00:00\",\"dateModified\":\"2023-06-08T11:52:16+00:00\",\"breadcrumb\":{\"@id\":\"https:\\\/\\\/acuarios-jandia.com\\\/de\\\/newsletter\\\/#breadcrumb\"},\"inLanguage\":\"de\",\"potentialAction\":[{\"@type\":\"ReadAction\",\"target\":[\"https:\\\/\\\/acuarios-jandia.com\\\/de\\\/newsletter\\\/\"]}]},{\"@type\":\"ImageObject\",\"inLanguage\":\"de\",\"@id\":\"https:\\\/\\\/acuarios-jandia.com\\\/de\\\/newsletter\\\/#primaryimage\",\"url\":\"https:\\\/\\\/acuarios-jandia.com\\\/wp-content\\\/uploads\\\/2023\\\/04\\\/olivia-and-bernd-webp-768x512.jpg\",\"contentUrl\":\"https:\\\/\\\/acuarios-jandia.com\\\/wp-content\\\/uploads\\\/2023\\\/04\\\/olivia-and-bernd-webp-768x512.jpg\"},{\"@type\":\"BreadcrumbList\",\"@id\":\"https:\\\/\\\/acuarios-jandia.com\\\/de\\\/newsletter\\\/#breadcrumb\",\"itemListElement\":[{\"@type\":\"ListItem\",\"position\":1,\"name\":\"Portada\",\"item\":\"https:\\\/\\\/acuarios-jandia.com\\\/de\\\/home\\\/\"},{\"@type\":\"ListItem\",\"position\":2,\"name\":\"Newsletter\"}]},{\"@type\":\"WebSite\",\"@id\":\"https:\\\/\\\/acuarios-jandia.com\\\/de\\\/#website\",\"url\":\"https:\\\/\\\/acuarios-jandia.com\\\/de\\\/\",\"name\":\"Acuarios Jandia\",\"description\":\"Dive center\",\"publisher\":{\"@id\":\"https:\\\/\\\/acuarios-jandia.com\\\/de\\\/#organization\"},\"potentialAction\":[{\"@type\":\"SearchAction\",\"target\":{\"@type\":\"EntryPoint\",\"urlTemplate\":\"https:\\\/\\\/acuarios-jandia.com\\\/de\\\/?s={search_term_string}\"},\"query-input\":{\"@type\":\"PropertyValueSpecification\",\"valueRequired\":true,\"valueName\":\"search_term_string\"}}],\"inLanguage\":\"de\"},{\"@type\":\"Organization\",\"@id\":\"https:\\\/\\\/acuarios-jandia.com\\\/de\\\/#organization\",\"name\":\"Acuarios Jandia Dive Center\",\"url\":\"https:\\\/\\\/acuarios-jandia.com\\\/de\\\/\",\"logo\":{\"@type\":\"ImageObject\",\"inLanguage\":\"de\",\"@id\":\"https:\\\/\\\/acuarios-jandia.com\\\/de\\\/#\\\/schema\\\/logo\\\/image\\\/\",\"url\":\"https:\\\/\\\/acuarios-jandia.com\\\/wp-content\\\/uploads\\\/2023\\\/05\\\/Logo23-09b-e1738232819532.webp\",\"contentUrl\":\"https:\\\/\\\/acuarios-jandia.com\\\/wp-content\\\/uploads\\\/2023\\\/05\\\/Logo23-09b-e1738232819532.webp\",\"width\":709,\"height\":709,\"caption\":\"Acuarios Jandia Dive Center\"},\"image\":{\"@id\":\"https:\\\/\\\/acuarios-jandia.com\\\/de\\\/#\\\/schema\\\/logo\\\/image\\\/\"}}]}<\/script>\n<!-- \/ Yoast SEO plugin. -->","yoast_head_json":{"title":"Newsletter - Acuarios Jandia","robots":{"index":"index","follow":"follow","max-snippet":"max-snippet:-1","max-image-preview":"max-image-preview:large","max-video-preview":"max-video-preview:-1"},"canonical":"https:\/\/acuarios-jandia.com\/de\/newsletter\/","og_locale":"de_DE","og_type":"article","og_title":"Newsletter - Acuarios Jandia","og_description":"Wir m\u00f6chten Sie \u00fcber die Entwicklung unserer Tauchbasis (jetzt Plural) auf dem Laufenden halten&#8230; deshalb ver\u00f6ffentlichen wir ab und zu etwas Interessantes in unserem Newsletter. Schauen Sie ab und zu vorbei, um die Neuheiten des Zentrums und seiner Umgebung kennenzulernen.Viel Spa\u00df!","og_url":"https:\/\/acuarios-jandia.com\/de\/newsletter\/","og_site_name":"Acuarios Jandia","article_modified_time":"2023-06-08T11:52:16+00:00","og_image":[{"url":"https:\/\/acuarios-jandia.com\/wp-content\/uploads\/2023\/04\/olivia-and-bernd-webp-768x512.jpg","type":"","width":"","height":""}],"twitter_card":"summary_large_image","twitter_misc":{"Gesch\u00e4tzte Lesezeit":"3\u00a0Minuten"},"schema":{"@context":"https:\/\/schema.org","@graph":[{"@type":"WebPage","@id":"https:\/\/acuarios-jandia.com\/de\/newsletter\/","url":"https:\/\/acuarios-jandia.com\/de\/newsletter\/","name":"Newsletter - Acuarios Jandia","isPartOf":{"@id":"https:\/\/acuarios-jandia.com\/de\/#website"},"primaryImageOfPage":{"@id":"https:\/\/acuarios-jandia.com\/de\/newsletter\/#primaryimage"},"image":{"@id":"https:\/\/acuarios-jandia.com\/de\/newsletter\/#primaryimage"},"thumbnailUrl":"https:\/\/acuarios-jandia.com\/wp-content\/uploads\/2023\/04\/olivia-and-bernd-webp-768x512.jpg","datePublished":"2023-04-24T21:20:17+00:00","dateModified":"2023-06-08T11:52:16+00:00","breadcrumb":{"@id":"https:\/\/acuarios-jandia.com\/de\/newsletter\/#breadcrumb"},"inLanguage":"de","potentialAction":[{"@type":"ReadAction","target":["https:\/\/acuarios-jandia.com\/de\/newsletter\/"]}]},{"@type":"ImageObject","inLanguage":"de","@id":"https:\/\/acuarios-jandia.com\/de\/newsletter\/#primaryimage","url":"https:\/\/acuarios-jandia.com\/wp-content\/uploads\/2023\/04\/olivia-and-bernd-webp-768x512.jpg","contentUrl":"https:\/\/acuarios-jandia.com\/wp-content\/uploads\/2023\/04\/olivia-and-bernd-webp-768x512.jpg"},{"@type":"BreadcrumbList","@id":"https:\/\/acuarios-jandia.com\/de\/newsletter\/#breadcrumb","itemListElement":[{"@type":"ListItem","position":1,"name":"Portada","item":"https:\/\/acuarios-jandia.com\/de\/home\/"},{"@type":"ListItem","position":2,"name":"Newsletter"}]},{"@type":"WebSite","@id":"https:\/\/acuarios-jandia.com\/de\/#website","url":"https:\/\/acuarios-jandia.com\/de\/","name":"Acuarios Jandia","description":"Dive center","publisher":{"@id":"https:\/\/acuarios-jandia.com\/de\/#organization"},"potentialAction":[{"@type":"SearchAction","target":{"@type":"EntryPoint","urlTemplate":"https:\/\/acuarios-jandia.com\/de\/?s={search_term_string}"},"query-input":{"@type":"PropertyValueSpecification","valueRequired":true,"valueName":"search_term_string"}}],"inLanguage":"de"},{"@type":"Organization","@id":"https:\/\/acuarios-jandia.com\/de\/#organization","name":"Acuarios Jandia Dive Center","url":"https:\/\/acuarios-jandia.com\/de\/","logo":{"@type":"ImageObject","inLanguage":"de","@id":"https:\/\/acuarios-jandia.com\/de\/#\/schema\/logo\/image\/","url":"https:\/\/acuarios-jandia.com\/wp-content\/uploads\/2023\/05\/Logo23-09b-e1738232819532.webp","contentUrl":"https:\/\/acuarios-jandia.com\/wp-content\/uploads\/2023\/05\/Logo23-09b-e1738232819532.webp","width":709,"height":709,"caption":"Acuarios Jandia Dive Center"},"image":{"@id":"https:\/\/acuarios-jandia.com\/de\/#\/schema\/logo\/image\/"}}]}},"_links":{"self":[{"href":"https:\/\/acuarios-jandia.com\/de\/wp-json\/wp\/v2\/pages\/3131","targetHints":{"allow":["GET"]}}],"collection":[{"href":"https:\/\/acuarios-jandia.com\/de\/wp-json\/wp\/v2\/pages"}],"about":[{"href":"https:\/\/acuarios-jandia.com\/de\/wp-json\/wp\/v2\/types\/page"}],"author":[{"embeddable":true,"href":"https:\/\/acuarios-jandia.com\/de\/wp-json\/wp\/v2\/users\/1"}],"replies":[{"embeddable":true,"href":"https:\/\/acuarios-jandia.com\/de\/wp-json\/wp\/v2\/comments?post=3131"}],"version-history":[{"count":5,"href":"https:\/\/acuarios-jandia.com\/de\/wp-json\/wp\/v2\/pages\/3131\/revisions"}],"predecessor-version":[{"id":3378,"href":"https:\/\/acuarios-jandia.com\/de\/wp-json\/wp\/v2\/pages\/3131\/revisions\/3378"}],"wp:attachment":[{"href":"https:\/\/acuarios-jandia.com\/de\/wp-json\/wp\/v2\/media?parent=3131"}],"curies":[{"name":"wp","href":"https:\/\/api.w.org\/{rel}","templated":true}]}}