{"id":3167,"date":"2018-11-27T09:17:28","date_gmt":"2018-11-27T09:17:28","guid":{"rendered":"https:\/\/acuarios-jandia.com\/tauchausbildung\/"},"modified":"2025-01-24T22:00:51","modified_gmt":"2025-01-24T22:00:51","slug":"tauchausbildung","status":"publish","type":"page","link":"https:\/\/acuarios-jandia.com\/de\/tauchausbildung\/","title":{"rendered":"Tauchausbildung"},"content":{"rendered":"\t\t<div data-elementor-type=\"wp-post\" data-elementor-id=\"3167\" class=\"elementor elementor-3167 elementor-542\">\n\t\t\t\t\t\t<section class=\"elementor-section elementor-top-section elementor-element elementor-element-33a79095 elementor-section-boxed elementor-section-height-default elementor-section-height-default\" data-id=\"33a79095\" data-element_type=\"section\" data-e-type=\"section\" data-settings=\"{&quot;background_background&quot;:&quot;classic&quot;}\">\n\t\t\t\t\t\t\t<div class=\"elementor-background-overlay\"><\/div>\n\t\t\t\t\t\t\t<div class=\"elementor-container elementor-column-gap-default\">\n\t\t\t\t\t<div class=\"elementor-column elementor-col-100 elementor-top-column elementor-element elementor-element-3706530d\" data-id=\"3706530d\" data-element_type=\"column\" data-e-type=\"column\">\n\t\t\t<div class=\"elementor-widget-wrap elementor-element-populated\">\n\t\t\t\t\t\t<div class=\"elementor-element elementor-element-537de1f elementor-widget elementor-widget-heading\" data-id=\"537de1f\" data-element_type=\"widget\" data-e-type=\"widget\" data-widget_type=\"heading.default\">\n\t\t\t\t<div class=\"elementor-widget-container\">\n\t\t\t\t\t<h2 class=\"elementor-heading-title elementor-size-default\">Werden Sie ein zertifizierter Taucher mit unseren Kursen.<\/h2>\t\t\t\t<\/div>\n\t\t\t\t<\/div>\n\t\t\t\t\t<\/div>\n\t\t<\/div>\n\t\t\t\t\t<\/div>\n\t\t<\/section>\n\t\t\t\t<section class=\"elementor-section elementor-top-section elementor-element elementor-element-14b5cd1 elementor-section-boxed elementor-section-height-default elementor-section-height-default\" data-id=\"14b5cd1\" data-element_type=\"section\" data-e-type=\"section\">\n\t\t\t\t\t\t<div class=\"elementor-container elementor-column-gap-default\">\n\t\t\t\t\t<div class=\"elementor-column elementor-col-100 elementor-top-column elementor-element elementor-element-22e757f\" data-id=\"22e757f\" data-element_type=\"column\" data-e-type=\"column\">\n\t\t\t<div class=\"elementor-widget-wrap elementor-element-populated\">\n\t\t\t\t\t\t<div class=\"elementor-element elementor-element-7f10856 elementor-widget elementor-widget-heading\" data-id=\"7f10856\" data-element_type=\"widget\" data-e-type=\"widget\" data-widget_type=\"heading.default\">\n\t\t\t\t<div class=\"elementor-widget-container\">\n\t\t\t\t\t<h3 class=\"elementor-heading-title elementor-size-default\">W\u00e4hlen Sie Ihre Organisation!<\/h3>\t\t\t\t<\/div>\n\t\t\t\t<\/div>\n\t\t\t\t<div class=\"elementor-element elementor-element-8a747e3 elementor-widget elementor-widget-text-editor\" data-id=\"8a747e3\" data-element_type=\"widget\" data-e-type=\"widget\" data-widget_type=\"text-editor.default\">\n\t\t\t\t<div class=\"elementor-widget-container\">\n\t\t\t\t\t\t\t\t\t<p><strong>Preis: zu finden bei der Beschreibung der einzelnen Kurse<\/strong><\/p>\n<p><strong>Was Sie mitbringen sollten: Wasser, Handtuch, Badeanzug, trockene Kleidung, \u00e4rztliche Untersuchung und Lernbereitschaft!<\/strong><\/p>\n<p><span style=\"font-weight: 400;\">Egal, ob Sie bereits ein zertifizierter Taucher sind oder Ihr Unterwasserabenteuer von Grund auf neu beginnen wollen, es gibt einen Kurs f\u00fcr jeden. Vom Scuba Diver bis zum Dive Master k\u00f6nnen Sie frei w\u00e4hlen, je nachdem, auf welchem Niveau Sie sich gerade befinden. <\/span><\/p>\n<p><span style=\"font-weight: 400;\">Im Acuarios Dive Center arbeiten wir mit zwei der gr\u00f6\u00dften Tauchorganisationen zusammen, die weltweit f\u00fcr Tauchzertifizierungen bekannt sind: SSI und PADI. Sie k\u00f6nnen entscheiden, mit welchem von ihnen Sie Ihre Tauchausbildung beginnen oder fortsetzen m\u00f6chten. Einige unserer Tauchlehrer sind SSI und einige PADI. Sie haben vielleicht schon das eine oder andere \u00fcber diese beiden Organisationen geh\u00f6rt, aber in Wahrheit ist keine von ihnen besser als die andere. Sie sind beide gleicherma\u00dfen anerkannte und perfekt standardisierte Organisationen, die sich nur in ihrem theoretischen Lernprozess unterscheiden. <\/span><\/p>\n<p><span style=\"font-weight: 400;\">Unter den nachstehenden Links finden Sie weitere Informationen \u00fcber die einzelnen Organisationen und die Kurse, die wir mit ihnen anbieten. Nehmen Sie sich die Zeit, sie kennen zu lernen, und lassen Sie uns wissen, welche Sie f\u00fcr Ihren Lernprozess w\u00e4hlen. Unsere erfahrenen Ausbilder bringen Ihnen dann alle F\u00e4higkeiten bei, die Sie f\u00fcr den Abschluss Ihres Kurses ben\u00f6tigen. <\/span><\/p>\n<p><span style=\"font-weight: 400;\">If at any point you have any questions about how these organizations work, <\/span><span style=\"font-weight: 400;\"> don\u2019t hesitate to <\/span><a style=\"font-size: 1rem;\" href=\"https:\/\/acuarios-jandia.com\/de\/contact\/\" target=\"_blank\" rel=\"noopener\">contact us!<\/a><\/p>\n\t\t\t\t\t\t\t\t<\/div>\n\t\t\t\t<\/div>\n\t\t\t\t\t<\/div>\n\t\t<\/div>\n\t\t\t\t\t<\/div>\n\t\t<\/section>\n\t\t\t\t<section class=\"elementor-section elementor-top-section elementor-element elementor-element-06de645 elementor-section-boxed elementor-section-height-default elementor-section-height-default\" data-id=\"06de645\" data-element_type=\"section\" data-e-type=\"section\">\n\t\t\t\t\t\t<div class=\"elementor-container elementor-column-gap-default\">\n\t\t\t\t\t<div class=\"elementor-column elementor-col-50 elementor-top-column elementor-element elementor-element-1b6ae7d\" data-id=\"1b6ae7d\" data-element_type=\"column\" data-e-type=\"column\">\n\t\t\t<div class=\"elementor-widget-wrap elementor-element-populated\">\n\t\t\t\t\t\t<div class=\"elementor-element elementor-element-2545842 elementor-widget elementor-widget-video\" data-id=\"2545842\" data-element_type=\"widget\" data-e-type=\"widget\" data-settings=\"{&quot;youtube_url&quot;:&quot;https:\\\/\\\/www.youtube.com\\\/watch?v=oeq954uo4NA&quot;,&quot;start&quot;:0,&quot;end&quot;:0,&quot;yt_privacy&quot;:&quot;yes&quot;,&quot;video_type&quot;:&quot;youtube&quot;,&quot;controls&quot;:&quot;yes&quot;}\" data-widget_type=\"video.default\">\n\t\t\t\t<div class=\"elementor-widget-container\">\n\t\t\t\t\t\t\t<div class=\"elementor-wrapper elementor-open-inline\">\n\t\t\t<div class=\"elementor-video\"><\/div>\t\t<\/div>\n\t\t\t\t\t\t<\/div>\n\t\t\t\t<\/div>\n\t\t\t\t<div class=\"elementor-element elementor-element-3100201 elementor-position-top elementor-widget elementor-widget-image-box\" data-id=\"3100201\" data-element_type=\"widget\" data-e-type=\"widget\" data-widget_type=\"image-box.default\">\n\t\t\t\t<div class=\"elementor-widget-container\">\n\t\t\t\t\t<div class=\"elementor-image-box-wrapper\"><figure class=\"elementor-image-box-img\"><img fetchpriority=\"high\" decoding=\"async\" width=\"282\" height=\"300\" src=\"https:\/\/acuarios-jandia.com\/wp-content\/uploads\/2023\/05\/logo_ssi_transparent-282x300.webp\" class=\"attachment-medium size-medium wp-image-1429\" alt=\"logo ssi\" srcset=\"https:\/\/acuarios-jandia.com\/wp-content\/uploads\/2023\/05\/logo_ssi_transparent-282x300.webp 282w, https:\/\/acuarios-jandia.com\/wp-content\/uploads\/2023\/05\/logo_ssi_transparent.webp 709w\" sizes=\"(max-width: 282px) 100vw, 282px\" \/><\/figure><div class=\"elementor-image-box-content\"><h2 class=\"elementor-image-box-title\">SSI<\/h2><p class=\"elementor-image-box-description\">Scanne diesen Code und erhalte kostenlos die ersten drei Kapitel deines Open Water in 35 Sprachen sowie ein kostenloses Logbuch.<\/p><\/div><\/div>\t\t\t\t<\/div>\n\t\t\t\t<\/div>\n\t\t\t\t<div class=\"elementor-element elementor-element-81b1432 elementor-widget elementor-widget-image\" data-id=\"81b1432\" data-element_type=\"widget\" data-e-type=\"widget\" data-widget_type=\"image.default\">\n\t\t\t\t<div class=\"elementor-widget-container\">\n\t\t\t\t\t\t\t\t\t\t\t\t\t\t\t<img decoding=\"async\" src=\"https:\/\/acuarios-jandia.com\/wp-content\/uploads\/elementor\/thumbs\/codigo-qr-para-cursos-ssi-q57h7yfbsfl741qw7jfgaiehyi0hkf0uxz0br9zbgw.png\" title=\"QR-Code f\u00fcr SSI-Kurse\" alt=\"QR-Code f\u00fcr SSI-Kurse\" loading=\"lazy\" \/>\t\t\t\t\t\t\t\t\t\t\t\t\t\t\t<\/div>\n\t\t\t\t<\/div>\n\t\t\t\t<div class=\"elementor-element elementor-element-6c9b71b elementor-align-center elementor-widget elementor-widget-button\" data-id=\"6c9b71b\" data-element_type=\"widget\" data-e-type=\"widget\" data-widget_type=\"button.default\">\n\t\t\t\t<div class=\"elementor-widget-container\">\n\t\t\t\t\t\t\t\t\t<div class=\"elementor-button-wrapper\">\n\t\t\t\t\t<a class=\"elementor-button elementor-button-link elementor-size-sm\" href=\"https:\/\/acuarios-jandia.com\/de\/ssi-kurse\/\">\n\t\t\t\t\t\t<span class=\"elementor-button-content-wrapper\">\n\t\t\t\t\t\t<span class=\"elementor-button-icon\">\n\t\t\t\t<i aria-hidden=\"true\" class=\"fas fa-long-arrow-alt-right\"><\/i>\t\t\t<\/span>\n\t\t\t\t\t\t\t\t\t<span class=\"elementor-button-text\">Mehr erfahren<\/span>\n\t\t\t\t\t<\/span>\n\t\t\t\t\t<\/a>\n\t\t\t\t<\/div>\n\t\t\t\t\t\t\t\t<\/div>\n\t\t\t\t<\/div>\n\t\t\t\t\t<\/div>\n\t\t<\/div>\n\t\t\t\t<div class=\"elementor-column elementor-col-50 elementor-top-column elementor-element elementor-element-2cc3959\" data-id=\"2cc3959\" data-element_type=\"column\" data-e-type=\"column\">\n\t\t\t<div class=\"elementor-widget-wrap elementor-element-populated\">\n\t\t\t\t\t\t<div class=\"elementor-element elementor-element-0f2b282 elementor-widget elementor-widget-video\" data-id=\"0f2b282\" data-element_type=\"widget\" data-e-type=\"widget\" data-settings=\"{&quot;youtube_url&quot;:&quot;https:\\\/\\\/www.youtube.com\\\/watch?v=KvZT3etZIsw&quot;,&quot;yt_privacy&quot;:&quot;yes&quot;,&quot;video_type&quot;:&quot;youtube&quot;,&quot;controls&quot;:&quot;yes&quot;}\" data-widget_type=\"video.default\">\n\t\t\t\t<div class=\"elementor-widget-container\">\n\t\t\t\t\t\t\t<div class=\"elementor-wrapper elementor-open-inline\">\n\t\t\t<div class=\"elementor-video\"><\/div>\t\t<\/div>\n\t\t\t\t\t\t<\/div>\n\t\t\t\t<\/div>\n\t\t\t\t<div class=\"elementor-element elementor-element-fe45bdb elementor-position-top elementor-widget elementor-widget-image-box\" data-id=\"fe45bdb\" data-element_type=\"widget\" data-e-type=\"widget\" data-widget_type=\"image-box.default\">\n\t\t\t\t<div class=\"elementor-widget-container\">\n\t\t\t\t\t<div class=\"elementor-image-box-wrapper\"><figure class=\"elementor-image-box-img\"><img decoding=\"async\" width=\"265\" height=\"300\" src=\"https:\/\/acuarios-jandia.com\/wp-content\/uploads\/2023\/12\/padi-instructor-3-265x300.jpg\" class=\"attachment-medium size-medium wp-image-3539\" alt=\"\" srcset=\"https:\/\/acuarios-jandia.com\/wp-content\/uploads\/2023\/12\/padi-instructor-3-265x300.jpg 265w, https:\/\/acuarios-jandia.com\/wp-content\/uploads\/2023\/12\/padi-instructor-3.jpg 750w\" sizes=\"(max-width: 265px) 100vw, 265px\" \/><\/figure><div class=\"elementor-image-box-content\"><h5 class=\"elementor-image-box-title\">Padi<\/h5><p class=\"elementor-image-box-description\">Eine der beliebtesten und anerkanntesten Tauchorganisationen der Welt mit beiden Lernmethoden: B\u00fccher oder E-Learning, je nach eigenen Vorlieben!<\/p><\/div><\/div>\t\t\t\t<\/div>\n\t\t\t\t<\/div>\n\t\t\t\t<div class=\"elementor-element elementor-element-ed445c3 elementor-align-center elementor-widget elementor-widget-button\" data-id=\"ed445c3\" data-element_type=\"widget\" data-e-type=\"widget\" data-widget_type=\"button.default\">\n\t\t\t\t<div class=\"elementor-widget-container\">\n\t\t\t\t\t\t\t\t\t<div class=\"elementor-button-wrapper\">\n\t\t\t\t\t<a class=\"elementor-button elementor-button-link elementor-size-sm\" href=\"https:\/\/acuarios-jandia.com\/de\/kurs-padi\/\">\n\t\t\t\t\t\t<span class=\"elementor-button-content-wrapper\">\n\t\t\t\t\t\t<span class=\"elementor-button-icon\">\n\t\t\t\t<i aria-hidden=\"true\" class=\"fas fa-long-arrow-alt-right\"><\/i>\t\t\t<\/span>\n\t\t\t\t\t\t\t\t\t<span class=\"elementor-button-text\">Mehr erfahren<\/span>\n\t\t\t\t\t<\/span>\n\t\t\t\t\t<\/a>\n\t\t\t\t<\/div>\n\t\t\t\t\t\t\t\t<\/div>\n\t\t\t\t<\/div>\n\t\t\t\t\t<\/div>\n\t\t<\/div>\n\t\t\t\t\t<\/div>\n\t\t<\/section>\n\t\t\t\t<\/div>\n\t\t","protected":false},"excerpt":{"rendered":"<p>Werden Sie ein zertifizierter Taucher mit unseren Kursen. W\u00e4hlen Sie Ihre Organisation! Preis: zu finden bei der Beschreibung der einzelnen Kurse Was Sie mitbringen sollten: Wasser, Handtuch, Badeanzug, trockene Kleidung, \u00e4rztliche Untersuchung und Lernbereitschaft! Egal, ob Sie bereits ein zertifizierter Taucher sind oder Ihr Unterwasserabenteuer von Grund auf neu beginnen wollen, es gibt einen Kurs [&hellip;]<\/p>\n","protected":false},"author":1,"featured_media":2111,"parent":0,"menu_order":0,"comment_status":"closed","ping_status":"closed","template":"","meta":{"site-sidebar-layout":"no-sidebar","site-content-layout":"page-builder","ast-site-content-layout":"default","site-content-style":"default","site-sidebar-style":"default","ast-global-header-display":"","ast-banner-title-visibility":"","ast-main-header-display":"","ast-hfb-above-header-display":"","ast-hfb-below-header-display":"","ast-hfb-mobile-header-display":"","site-post-title":"disabled","ast-breadcrumbs-content":"","ast-featured-img":"disabled","footer-sml-layout":"","ast-disable-related-posts":"","theme-transparent-header-meta":"enabled","adv-header-id-meta":"","stick-header-meta":"","header-above-stick-meta":"","header-main-stick-meta":"","header-below-stick-meta":"","astra-migrate-meta-layouts":"default","ast-page-background-enabled":"default","ast-page-background-meta":{"desktop":{"background-color":"","background-image":"","background-repeat":"repeat","background-position":"center center","background-size":"auto","background-attachment":"scroll","background-type":"","background-media":"","overlay-type":"","overlay-color":"","overlay-opacity":"","overlay-gradient":""},"tablet":{"background-color":"","background-image":"","background-repeat":"repeat","background-position":"center center","background-size":"auto","background-attachment":"scroll","background-type":"","background-media":"","overlay-type":"","overlay-color":"","overlay-opacity":"","overlay-gradient":""},"mobile":{"background-color":"","background-image":"","background-repeat":"repeat","background-position":"center center","background-size":"auto","background-attachment":"scroll","background-type":"","background-media":"","overlay-type":"","overlay-color":"","overlay-opacity":"","overlay-gradient":""}},"ast-content-background-meta":{"desktop":{"background-color":"var(--ast-global-color-5)","background-image":"","background-repeat":"repeat","background-position":"center center","background-size":"auto","background-attachment":"scroll","background-type":"","background-media":"","overlay-type":"","overlay-color":"","overlay-opacity":"","overlay-gradient":""},"tablet":{"background-color":"var(--ast-global-color-5)","background-image":"","background-repeat":"repeat","background-position":"center center","background-size":"auto","background-attachment":"scroll","background-type":"","background-media":"","overlay-type":"","overlay-color":"","overlay-opacity":"","overlay-gradient":""},"mobile":{"background-color":"var(--ast-global-color-5)","background-image":"","background-repeat":"repeat","background-position":"center center","background-size":"auto","background-attachment":"scroll","background-type":"","background-media":"","overlay-type":"","overlay-color":"","overlay-opacity":"","overlay-gradient":""}},"footnotes":""},"class_list":["post-3167","page","type-page","status-publish","has-post-thumbnail","hentry"],"yoast_head":"<!-- This site is optimized with the Yoast SEO plugin v27.4 - https:\/\/yoast.com\/product\/yoast-seo-wordpress\/ -->\n<title>Tauchausbildung - Acuarios Jandia<\/title>\n<meta name=\"description\" content=\"Ssi und Padi Kurse f\u00fcr alle Niveaus: Mit unseren erfahrenen Tauchlehrern k\u00f6nnen Sie vom Freiwasserkurs bis zum Profikurs lernen;\" \/>\n<meta name=\"robots\" content=\"index, follow, max-snippet:-1, max-image-preview:large, max-video-preview:-1\" \/>\n<link rel=\"canonical\" href=\"https:\/\/acuarios-jandia.com\/de\/tauchausbildung\/\" \/>\n<meta property=\"og:locale\" content=\"de_DE\" \/>\n<meta property=\"og:type\" content=\"article\" \/>\n<meta property=\"og:title\" content=\"Tauchausbildung - Acuarios Jandia\" \/>\n<meta property=\"og:description\" content=\"Ssi und Padi Kurse f\u00fcr alle Niveaus: Mit unseren erfahrenen Tauchlehrern k\u00f6nnen Sie vom Freiwasserkurs bis zum Profikurs lernen;\" \/>\n<meta property=\"og:url\" content=\"https:\/\/acuarios-jandia.com\/de\/tauchausbildung\/\" \/>\n<meta property=\"og:site_name\" content=\"Acuarios Jandia\" \/>\n<meta property=\"article:modified_time\" content=\"2025-01-24T22:00:51+00:00\" \/>\n<meta property=\"og:image\" content=\"https:\/\/acuarios-jandia.com\/wp-content\/uploads\/2023\/04\/padi-ssi-logo.png\" \/>\n\t<meta property=\"og:image:width\" content=\"500\" \/>\n\t<meta property=\"og:image:height\" content=\"500\" \/>\n\t<meta property=\"og:image:type\" content=\"image\/png\" \/>\n<meta name=\"twitter:card\" content=\"summary_large_image\" \/>\n<meta name=\"twitter:label1\" content=\"Gesch\u00e4tzte Lesezeit\" \/>\n\t<meta name=\"twitter:data1\" content=\"3\u00a0Minuten\" \/>\n<script type=\"application\/ld+json\" class=\"yoast-schema-graph\">{\"@context\":\"https:\\\/\\\/schema.org\",\"@graph\":[{\"@type\":\"WebPage\",\"@id\":\"https:\\\/\\\/acuarios-jandia.com\\\/de\\\/tauchausbildung\\\/\",\"url\":\"https:\\\/\\\/acuarios-jandia.com\\\/de\\\/tauchausbildung\\\/\",\"name\":\"Tauchausbildung - Acuarios Jandia\",\"isPartOf\":{\"@id\":\"https:\\\/\\\/acuarios-jandia.com\\\/de\\\/#website\"},\"primaryImageOfPage\":{\"@id\":\"https:\\\/\\\/acuarios-jandia.com\\\/de\\\/tauchausbildung\\\/#primaryimage\"},\"image\":{\"@id\":\"https:\\\/\\\/acuarios-jandia.com\\\/de\\\/tauchausbildung\\\/#primaryimage\"},\"thumbnailUrl\":\"https:\\\/\\\/acuarios-jandia.com\\\/wp-content\\\/uploads\\\/2023\\\/04\\\/padi-ssi-logo.png\",\"datePublished\":\"2018-11-27T09:17:28+00:00\",\"dateModified\":\"2025-01-24T22:00:51+00:00\",\"description\":\"Ssi und Padi Kurse f\u00fcr alle Niveaus: Mit unseren erfahrenen Tauchlehrern k\u00f6nnen Sie vom Freiwasserkurs bis zum Profikurs lernen;\",\"breadcrumb\":{\"@id\":\"https:\\\/\\\/acuarios-jandia.com\\\/de\\\/tauchausbildung\\\/#breadcrumb\"},\"inLanguage\":\"de\",\"potentialAction\":[{\"@type\":\"ReadAction\",\"target\":[\"https:\\\/\\\/acuarios-jandia.com\\\/de\\\/tauchausbildung\\\/\"]}]},{\"@type\":\"ImageObject\",\"inLanguage\":\"de\",\"@id\":\"https:\\\/\\\/acuarios-jandia.com\\\/de\\\/tauchausbildung\\\/#primaryimage\",\"url\":\"https:\\\/\\\/acuarios-jandia.com\\\/wp-content\\\/uploads\\\/2023\\\/04\\\/padi-ssi-logo.png\",\"contentUrl\":\"https:\\\/\\\/acuarios-jandia.com\\\/wp-content\\\/uploads\\\/2023\\\/04\\\/padi-ssi-logo.png\",\"width\":500,\"height\":500},{\"@type\":\"BreadcrumbList\",\"@id\":\"https:\\\/\\\/acuarios-jandia.com\\\/de\\\/tauchausbildung\\\/#breadcrumb\",\"itemListElement\":[{\"@type\":\"ListItem\",\"position\":1,\"name\":\"Portada\",\"item\":\"https:\\\/\\\/acuarios-jandia.com\\\/de\\\/home\\\/\"},{\"@type\":\"ListItem\",\"position\":2,\"name\":\"Tauchausbildung\"}]},{\"@type\":\"WebSite\",\"@id\":\"https:\\\/\\\/acuarios-jandia.com\\\/de\\\/#website\",\"url\":\"https:\\\/\\\/acuarios-jandia.com\\\/de\\\/\",\"name\":\"Acuarios Jandia\",\"description\":\"Dive center\",\"publisher\":{\"@id\":\"https:\\\/\\\/acuarios-jandia.com\\\/de\\\/#organization\"},\"potentialAction\":[{\"@type\":\"SearchAction\",\"target\":{\"@type\":\"EntryPoint\",\"urlTemplate\":\"https:\\\/\\\/acuarios-jandia.com\\\/de\\\/?s={search_term_string}\"},\"query-input\":{\"@type\":\"PropertyValueSpecification\",\"valueRequired\":true,\"valueName\":\"search_term_string\"}}],\"inLanguage\":\"de\"},{\"@type\":\"Organization\",\"@id\":\"https:\\\/\\\/acuarios-jandia.com\\\/de\\\/#organization\",\"name\":\"Acuarios Jandia Dive Center\",\"url\":\"https:\\\/\\\/acuarios-jandia.com\\\/de\\\/\",\"logo\":{\"@type\":\"ImageObject\",\"inLanguage\":\"de\",\"@id\":\"https:\\\/\\\/acuarios-jandia.com\\\/de\\\/#\\\/schema\\\/logo\\\/image\\\/\",\"url\":\"https:\\\/\\\/acuarios-jandia.com\\\/wp-content\\\/uploads\\\/2023\\\/05\\\/Logo23-09b-e1738232819532.webp\",\"contentUrl\":\"https:\\\/\\\/acuarios-jandia.com\\\/wp-content\\\/uploads\\\/2023\\\/05\\\/Logo23-09b-e1738232819532.webp\",\"width\":709,\"height\":709,\"caption\":\"Acuarios Jandia Dive Center\"},\"image\":{\"@id\":\"https:\\\/\\\/acuarios-jandia.com\\\/de\\\/#\\\/schema\\\/logo\\\/image\\\/\"}}]}<\/script>\n<!-- \/ Yoast SEO plugin. -->","yoast_head_json":{"title":"Tauchausbildung - Acuarios Jandia","description":"Ssi und Padi Kurse f\u00fcr alle Niveaus: Mit unseren erfahrenen Tauchlehrern k\u00f6nnen Sie vom Freiwasserkurs bis zum Profikurs lernen;","robots":{"index":"index","follow":"follow","max-snippet":"max-snippet:-1","max-image-preview":"max-image-preview:large","max-video-preview":"max-video-preview:-1"},"canonical":"https:\/\/acuarios-jandia.com\/de\/tauchausbildung\/","og_locale":"de_DE","og_type":"article","og_title":"Tauchausbildung - Acuarios Jandia","og_description":"Ssi und Padi Kurse f\u00fcr alle Niveaus: Mit unseren erfahrenen Tauchlehrern k\u00f6nnen Sie vom Freiwasserkurs bis zum Profikurs lernen;","og_url":"https:\/\/acuarios-jandia.com\/de\/tauchausbildung\/","og_site_name":"Acuarios Jandia","article_modified_time":"2025-01-24T22:00:51+00:00","og_image":[{"width":500,"height":500,"url":"https:\/\/acuarios-jandia.com\/wp-content\/uploads\/2023\/04\/padi-ssi-logo.png","type":"image\/png"}],"twitter_card":"summary_large_image","twitter_misc":{"Gesch\u00e4tzte Lesezeit":"3\u00a0Minuten"},"schema":{"@context":"https:\/\/schema.org","@graph":[{"@type":"WebPage","@id":"https:\/\/acuarios-jandia.com\/de\/tauchausbildung\/","url":"https:\/\/acuarios-jandia.com\/de\/tauchausbildung\/","name":"Tauchausbildung - Acuarios Jandia","isPartOf":{"@id":"https:\/\/acuarios-jandia.com\/de\/#website"},"primaryImageOfPage":{"@id":"https:\/\/acuarios-jandia.com\/de\/tauchausbildung\/#primaryimage"},"image":{"@id":"https:\/\/acuarios-jandia.com\/de\/tauchausbildung\/#primaryimage"},"thumbnailUrl":"https:\/\/acuarios-jandia.com\/wp-content\/uploads\/2023\/04\/padi-ssi-logo.png","datePublished":"2018-11-27T09:17:28+00:00","dateModified":"2025-01-24T22:00:51+00:00","description":"Ssi und Padi Kurse f\u00fcr alle Niveaus: Mit unseren erfahrenen Tauchlehrern k\u00f6nnen Sie vom Freiwasserkurs bis zum Profikurs lernen;","breadcrumb":{"@id":"https:\/\/acuarios-jandia.com\/de\/tauchausbildung\/#breadcrumb"},"inLanguage":"de","potentialAction":[{"@type":"ReadAction","target":["https:\/\/acuarios-jandia.com\/de\/tauchausbildung\/"]}]},{"@type":"ImageObject","inLanguage":"de","@id":"https:\/\/acuarios-jandia.com\/de\/tauchausbildung\/#primaryimage","url":"https:\/\/acuarios-jandia.com\/wp-content\/uploads\/2023\/04\/padi-ssi-logo.png","contentUrl":"https:\/\/acuarios-jandia.com\/wp-content\/uploads\/2023\/04\/padi-ssi-logo.png","width":500,"height":500},{"@type":"BreadcrumbList","@id":"https:\/\/acuarios-jandia.com\/de\/tauchausbildung\/#breadcrumb","itemListElement":[{"@type":"ListItem","position":1,"name":"Portada","item":"https:\/\/acuarios-jandia.com\/de\/home\/"},{"@type":"ListItem","position":2,"name":"Tauchausbildung"}]},{"@type":"WebSite","@id":"https:\/\/acuarios-jandia.com\/de\/#website","url":"https:\/\/acuarios-jandia.com\/de\/","name":"Acuarios Jandia","description":"Dive center","publisher":{"@id":"https:\/\/acuarios-jandia.com\/de\/#organization"},"potentialAction":[{"@type":"SearchAction","target":{"@type":"EntryPoint","urlTemplate":"https:\/\/acuarios-jandia.com\/de\/?s={search_term_string}"},"query-input":{"@type":"PropertyValueSpecification","valueRequired":true,"valueName":"search_term_string"}}],"inLanguage":"de"},{"@type":"Organization","@id":"https:\/\/acuarios-jandia.com\/de\/#organization","name":"Acuarios Jandia Dive Center","url":"https:\/\/acuarios-jandia.com\/de\/","logo":{"@type":"ImageObject","inLanguage":"de","@id":"https:\/\/acuarios-jandia.com\/de\/#\/schema\/logo\/image\/","url":"https:\/\/acuarios-jandia.com\/wp-content\/uploads\/2023\/05\/Logo23-09b-e1738232819532.webp","contentUrl":"https:\/\/acuarios-jandia.com\/wp-content\/uploads\/2023\/05\/Logo23-09b-e1738232819532.webp","width":709,"height":709,"caption":"Acuarios Jandia Dive Center"},"image":{"@id":"https:\/\/acuarios-jandia.com\/de\/#\/schema\/logo\/image\/"}}]}},"_links":{"self":[{"href":"https:\/\/acuarios-jandia.com\/de\/wp-json\/wp\/v2\/pages\/3167","targetHints":{"allow":["GET"]}}],"collection":[{"href":"https:\/\/acuarios-jandia.com\/de\/wp-json\/wp\/v2\/pages"}],"about":[{"href":"https:\/\/acuarios-jandia.com\/de\/wp-json\/wp\/v2\/types\/page"}],"author":[{"embeddable":true,"href":"https:\/\/acuarios-jandia.com\/de\/wp-json\/wp\/v2\/users\/1"}],"replies":[{"embeddable":true,"href":"https:\/\/acuarios-jandia.com\/de\/wp-json\/wp\/v2\/comments?post=3167"}],"version-history":[{"count":10,"href":"https:\/\/acuarios-jandia.com\/de\/wp-json\/wp\/v2\/pages\/3167\/revisions"}],"predecessor-version":[{"id":3695,"href":"https:\/\/acuarios-jandia.com\/de\/wp-json\/wp\/v2\/pages\/3167\/revisions\/3695"}],"wp:featuredmedia":[{"embeddable":true,"href":"https:\/\/acuarios-jandia.com\/de\/wp-json\/wp\/v2\/media\/2111"}],"wp:attachment":[{"href":"https:\/\/acuarios-jandia.com\/de\/wp-json\/wp\/v2\/media?parent=3167"}],"curies":[{"name":"wp","href":"https:\/\/api.w.org\/{rel}","templated":true}]}}