{"id":3108,"date":"2023-05-26T16:51:36","date_gmt":"2023-05-26T16:51:36","guid":{"rendered":"https:\/\/acuarios-jandia.com\/actividades-de-buceo\/"},"modified":"2023-06-08T10:33:49","modified_gmt":"2023-06-08T10:33:49","slug":"actividades","status":"publish","type":"page","link":"https:\/\/acuarios-jandia.com\/es\/actividades\/","title":{"rendered":"Actividades"},"content":{"rendered":"\t\t<div data-elementor-type=\"wp-page\" data-elementor-id=\"3108\" class=\"elementor elementor-3108 elementor-1876\">\n\t\t\t\t\t\t<section class=\"elementor-section elementor-top-section elementor-element elementor-element-cde54cd elementor-section-boxed elementor-section-height-default elementor-section-height-default\" data-id=\"cde54cd\" data-element_type=\"section\" data-e-type=\"section\" data-settings=\"{&quot;background_background&quot;:&quot;classic&quot;}\">\n\t\t\t\t\t\t<div class=\"elementor-container elementor-column-gap-default\">\n\t\t\t\t\t<div class=\"elementor-column elementor-col-100 elementor-top-column elementor-element elementor-element-43f393b\" data-id=\"43f393b\" data-element_type=\"column\" data-e-type=\"column\">\n\t\t\t<div class=\"elementor-widget-wrap elementor-element-populated\">\n\t\t\t\t\t\t<div class=\"elementor-element elementor-element-9408859 elementor-widget elementor-widget-heading\" data-id=\"9408859\" data-element_type=\"widget\" data-e-type=\"widget\" data-widget_type=\"heading.default\">\n\t\t\t\t<div class=\"elementor-widget-container\">\n\t\t\t\t\t<h2 class=\"elementor-heading-title elementor-size-default\">Qu\u00e9 ofrecemos<\/h2>\t\t\t\t<\/div>\n\t\t\t\t<\/div>\n\t\t\t\t\t<\/div>\n\t\t<\/div>\n\t\t\t\t\t<\/div>\n\t\t<\/section>\n\t\t\t\t<section class=\"elementor-section elementor-top-section elementor-element elementor-element-6adbb23 elementor-section-boxed elementor-section-height-default elementor-section-height-default\" data-id=\"6adbb23\" data-element_type=\"section\" data-e-type=\"section\">\n\t\t\t\t\t\t<div class=\"elementor-container elementor-column-gap-default\">\n\t\t\t\t\t<div class=\"elementor-column elementor-col-100 elementor-top-column elementor-element elementor-element-6685608\" data-id=\"6685608\" data-element_type=\"column\" data-e-type=\"column\">\n\t\t\t<div class=\"elementor-widget-wrap elementor-element-populated\">\n\t\t\t\t\t\t<div class=\"elementor-element elementor-element-d7467fd elementor-widget elementor-widget-text-editor\" data-id=\"d7467fd\" data-element_type=\"widget\" data-e-type=\"widget\" data-widget_type=\"text-editor.default\">\n\t\t\t\t<div class=\"elementor-widget-container\">\n\t\t\t\t\t\t\t\t\t<p><span style=\"font-weight: 400;\">Has venido al lugar adecuado. No importa si eres nuevo en el mar o todo un experto en temas acu\u00e1ticos, en Acuarios Dive Center tenemos una actividad para todos. Tanto si vienes de vacaciones solo, con tu pareja o con toda la familia, tenemos una actividad en la que puedes participar. <\/span><\/p>\n<p><span style=\"font-weight: 400;\">Joven o mayor, nuevo o experto, introvertido o extrovertido, solo o en grupo, temeroso o valiente&#8230; t\u00fa eliges, nosotros te llevamos. <\/span><\/p>\n<p><span style=\"font-weight: 400;\">En los enlaces de abajo encontrar\u00e1 una descripci\u00f3n de todas nuestras actividades. L\u00e9alos detenidamente, elija uno (o varios) y ll\u00e1menos cuando est\u00e9 listo para lanzarse a la aventura. <\/span><\/p><\/p>\n\t\t\t\t\t\t\t\t<\/div>\n\t\t\t\t<\/div>\n\t\t\t\t\t<\/div>\n\t\t<\/div>\n\t\t\t\t\t<\/div>\n\t\t<\/section>\n\t\t\t\t<section class=\"elementor-section elementor-top-section elementor-element elementor-element-6f3b86c elementor-section-boxed elementor-section-height-default elementor-section-height-default\" data-id=\"6f3b86c\" data-element_type=\"section\" data-e-type=\"section\">\n\t\t\t\t\t\t<div class=\"elementor-container elementor-column-gap-default\">\n\t\t\t\t\t<div class=\"elementor-column elementor-col-25 elementor-top-column elementor-element elementor-element-9981029\" data-id=\"9981029\" data-element_type=\"column\" data-e-type=\"column\">\n\t\t\t<div class=\"elementor-widget-wrap elementor-element-populated\">\n\t\t\t\t\t\t<div class=\"elementor-element elementor-element-2e37cc8 elementor-widget elementor-widget-image\" data-id=\"2e37cc8\" data-element_type=\"widget\" data-e-type=\"widget\" data-widget_type=\"image.default\">\n\t\t\t\t<div class=\"elementor-widget-container\">\n\t\t\t\t\t\t\t\t\t\t\t\t\t\t\t\t<a href=\"https:\/\/acuarios-jandia.com\/wp-content\/uploads\/2023\/05\/P5172183-scaled-scaled.webp\" data-elementor-open-lightbox=\"yes\" data-elementor-lightbox-description=\"Freunde schnorcheln\" data-e-action-hash=\"#elementor-action%3Aaction%3Dlightbox%26settings%3DeyJpZCI6MzAxOSwidXJsIjoiaHR0cHM6XC9cL2FjdWFyaW9zLWphbmRpYS5jb21cL3dwLWNvbnRlbnRcL3VwbG9hZHNcLzIwMjNcLzA1XC9QNTE3MjE4My1zY2FsZWQtc2NhbGVkLndlYnAifQ%3D%3D\">\n\t\t\t\t\t\t\t<img fetchpriority=\"high\" decoding=\"async\" width=\"1024\" height=\"768\" src=\"https:\/\/acuarios-jandia.com\/wp-content\/uploads\/2023\/05\/P5172183-scaled-1024x768.webp\" class=\"attachment-large size-large wp-image-3019\" alt=\"family snorkel\" srcset=\"https:\/\/acuarios-jandia.com\/wp-content\/uploads\/2023\/05\/P5172183-scaled-1024x768.webp 1024w, https:\/\/acuarios-jandia.com\/wp-content\/uploads\/2023\/05\/P5172183-scaled-300x225.webp 300w, https:\/\/acuarios-jandia.com\/wp-content\/uploads\/2023\/05\/P5172183-scaled-768x576.webp 768w, https:\/\/acuarios-jandia.com\/wp-content\/uploads\/2023\/05\/P5172183-scaled-1536x1152.webp 1536w, https:\/\/acuarios-jandia.com\/wp-content\/uploads\/2023\/05\/P5172183-scaled-2048x1536.webp 2048w\" sizes=\"(max-width: 1024px) 100vw, 1024px\" \/>\t\t\t\t\t\t\t\t<\/a>\n\t\t\t\t\t\t\t\t\t\t\t\t\t\t\t<\/div>\n\t\t\t\t<\/div>\n\t\t\t\t<div class=\"elementor-element elementor-element-a28c37a elementor-align-center elementor-widget elementor-widget-button\" data-id=\"a28c37a\" data-element_type=\"widget\" data-e-type=\"widget\" data-widget_type=\"button.default\">\n\t\t\t\t<div class=\"elementor-widget-container\">\n\t\t\t\t\t\t\t\t\t<div class=\"elementor-button-wrapper\">\n\t\t\t\t\t<a class=\"elementor-button elementor-button-link elementor-size-sm\" href=\"https:\/\/acuarios-jandia.com\/snorkeling-in-fuerteventura\/\">\n\t\t\t\t\t\t<span class=\"elementor-button-content-wrapper\">\n\t\t\t\t\t\t\t\t\t<span class=\"elementor-button-text\">Snorkeling<\/span>\n\t\t\t\t\t<\/span>\n\t\t\t\t\t<\/a>\n\t\t\t\t<\/div>\n\t\t\t\t\t\t\t\t<\/div>\n\t\t\t\t<\/div>\n\t\t\t\t\t<\/div>\n\t\t<\/div>\n\t\t\t\t<div class=\"elementor-column elementor-col-25 elementor-top-column elementor-element elementor-element-bbf8085\" data-id=\"bbf8085\" data-element_type=\"column\" data-e-type=\"column\">\n\t\t\t<div class=\"elementor-widget-wrap elementor-element-populated\">\n\t\t\t\t\t\t<div class=\"elementor-element elementor-element-f31a688 elementor-widget elementor-widget-image\" data-id=\"f31a688\" data-element_type=\"widget\" data-e-type=\"widget\" data-widget_type=\"image.default\">\n\t\t\t\t<div class=\"elementor-widget-container\">\n\t\t\t\t\t\t\t\t\t\t\t\t\t\t\t\t<a href=\"https:\/\/acuarios-jandia.com\/wp-content\/uploads\/2023\/05\/P7170699-scaled-scaled.webp\" data-elementor-open-lightbox=\"yes\" data-e-action-hash=\"#elementor-action%3Aaction%3Dlightbox%26settings%3DeyJpZCI6MzAyOSwidXJsIjoiaHR0cHM6XC9cL2FjdWFyaW9zLWphbmRpYS5jb21cL3dwLWNvbnRlbnRcL3VwbG9hZHNcLzIwMjNcLzA1XC9QNzE3MDY5OS1zY2FsZWQtc2NhbGVkLndlYnAifQ%3D%3D\">\n\t\t\t\t\t\t\t<img decoding=\"async\" width=\"1024\" height=\"768\" src=\"https:\/\/acuarios-jandia.com\/wp-content\/uploads\/2023\/05\/P7170699-scaled-1024x768.webp\" class=\"attachment-large size-large wp-image-3029\" alt=\"\" srcset=\"https:\/\/acuarios-jandia.com\/wp-content\/uploads\/2023\/05\/P7170699-scaled-1024x768.webp 1024w, https:\/\/acuarios-jandia.com\/wp-content\/uploads\/2023\/05\/P7170699-scaled-300x225.webp 300w, https:\/\/acuarios-jandia.com\/wp-content\/uploads\/2023\/05\/P7170699-scaled-768x576.webp 768w, https:\/\/acuarios-jandia.com\/wp-content\/uploads\/2023\/05\/P7170699-scaled-1536x1152.webp 1536w, https:\/\/acuarios-jandia.com\/wp-content\/uploads\/2023\/05\/P7170699-scaled-2048x1536.webp 2048w\" sizes=\"(max-width: 1024px) 100vw, 1024px\" \/>\t\t\t\t\t\t\t\t<\/a>\n\t\t\t\t\t\t\t\t\t\t\t\t\t\t\t<\/div>\n\t\t\t\t<\/div>\n\t\t\t\t<div class=\"elementor-element elementor-element-2ce2bcc elementor-align-center elementor-widget elementor-widget-button\" data-id=\"2ce2bcc\" data-element_type=\"widget\" data-e-type=\"widget\" data-widget_type=\"button.default\">\n\t\t\t\t<div class=\"elementor-widget-container\">\n\t\t\t\t\t\t\t\t\t<div class=\"elementor-button-wrapper\">\n\t\t\t\t\t<a class=\"elementor-button elementor-button-link elementor-size-sm\" href=\"https:\/\/acuarios-jandia.com\/try-diving\/\">\n\t\t\t\t\t\t<span class=\"elementor-button-content-wrapper\">\n\t\t\t\t\t\t\t\t\t<span class=\"elementor-button-text\">Bautizo<\/span>\n\t\t\t\t\t<\/span>\n\t\t\t\t\t<\/a>\n\t\t\t\t<\/div>\n\t\t\t\t\t\t\t\t<\/div>\n\t\t\t\t<\/div>\n\t\t\t\t\t<\/div>\n\t\t<\/div>\n\t\t\t\t<div class=\"elementor-column elementor-col-25 elementor-top-column elementor-element elementor-element-0771eea\" data-id=\"0771eea\" data-element_type=\"column\" data-e-type=\"column\">\n\t\t\t<div class=\"elementor-widget-wrap elementor-element-populated\">\n\t\t\t\t\t\t<div class=\"elementor-element elementor-element-5f75fb4 elementor-widget elementor-widget-image\" data-id=\"5f75fb4\" data-element_type=\"widget\" data-e-type=\"widget\" data-widget_type=\"image.default\">\n\t\t\t\t<div class=\"elementor-widget-container\">\n\t\t\t\t\t\t\t\t\t\t\t\t\t\t\t\t<a href=\"https:\/\/acuarios-jandia.com\/wp-content\/uploads\/2023\/05\/P1311283-scaled-scaled.webp\" data-elementor-open-lightbox=\"yes\" data-e-action-hash=\"#elementor-action%3Aaction%3Dlightbox%26settings%3DeyJpZCI6MjkxOSwidXJsIjoiaHR0cHM6XC9cL2FjdWFyaW9zLWphbmRpYS5jb21cL3dwLWNvbnRlbnRcL3VwbG9hZHNcLzIwMjNcLzA1XC9QMTMxMTI4My1zY2FsZWQtc2NhbGVkLndlYnAifQ%3D%3D\">\n\t\t\t\t\t\t\t<img decoding=\"async\" width=\"1024\" height=\"768\" src=\"https:\/\/acuarios-jandia.com\/wp-content\/uploads\/2023\/05\/P1311283-scaled-1024x768.webp\" class=\"attachment-large size-large wp-image-2919\" alt=\"\" srcset=\"https:\/\/acuarios-jandia.com\/wp-content\/uploads\/2023\/05\/P1311283-scaled-1024x768.webp 1024w, https:\/\/acuarios-jandia.com\/wp-content\/uploads\/2023\/05\/P1311283-scaled-300x225.webp 300w, https:\/\/acuarios-jandia.com\/wp-content\/uploads\/2023\/05\/P1311283-scaled-768x576.webp 768w, https:\/\/acuarios-jandia.com\/wp-content\/uploads\/2023\/05\/P1311283-scaled-1536x1152.webp 1536w, https:\/\/acuarios-jandia.com\/wp-content\/uploads\/2023\/05\/P1311283-scaled-2048x1536.webp 2048w\" sizes=\"(max-width: 1024px) 100vw, 1024px\" \/>\t\t\t\t\t\t\t\t<\/a>\n\t\t\t\t\t\t\t\t\t\t\t\t\t\t\t<\/div>\n\t\t\t\t<\/div>\n\t\t\t\t<div class=\"elementor-element elementor-element-53fccc1 elementor-align-center elementor-widget elementor-widget-button\" data-id=\"53fccc1\" data-element_type=\"widget\" data-e-type=\"widget\" data-widget_type=\"button.default\">\n\t\t\t\t<div class=\"elementor-widget-container\">\n\t\t\t\t\t\t\t\t\t<div class=\"elementor-button-wrapper\">\n\t\t\t\t\t<a class=\"elementor-button elementor-button-link elementor-size-sm\" href=\"https:\/\/acuarios-jandia.com\/courses\/\">\n\t\t\t\t\t\t<span class=\"elementor-button-content-wrapper\">\n\t\t\t\t\t\t\t\t\t<span class=\"elementor-button-text\">Cursos<\/span>\n\t\t\t\t\t<\/span>\n\t\t\t\t\t<\/a>\n\t\t\t\t<\/div>\n\t\t\t\t\t\t\t\t<\/div>\n\t\t\t\t<\/div>\n\t\t\t\t\t<\/div>\n\t\t<\/div>\n\t\t\t\t<div class=\"elementor-column elementor-col-25 elementor-top-column elementor-element elementor-element-063ff3d\" data-id=\"063ff3d\" data-element_type=\"column\" data-e-type=\"column\">\n\t\t\t<div class=\"elementor-widget-wrap elementor-element-populated\">\n\t\t\t\t\t\t<div class=\"elementor-element elementor-element-2a5d387 elementor-widget elementor-widget-image\" data-id=\"2a5d387\" data-element_type=\"widget\" data-e-type=\"widget\" data-widget_type=\"image.default\">\n\t\t\t\t<div class=\"elementor-widget-container\">\n\t\t\t\t\t\t\t\t\t\t\t\t\t\t\t\t<a href=\"https:\/\/acuarios-jandia.com\/wp-content\/uploads\/2023\/05\/P5042049-scaled.jpg\" data-elementor-open-lightbox=\"yes\" data-e-action-hash=\"#elementor-action%3Aaction%3Dlightbox%26settings%3DeyJpZCI6MjI4OCwidXJsIjoiaHR0cHM6XC9cL2FjdWFyaW9zLWphbmRpYS5jb21cL3dwLWNvbnRlbnRcL3VwbG9hZHNcLzIwMjNcLzA1XC9QNTA0MjA0OS1zY2FsZWQuanBnIn0%3D\">\n\t\t\t\t\t\t\t<img loading=\"lazy\" decoding=\"async\" width=\"1024\" height=\"768\" src=\"https:\/\/acuarios-jandia.com\/wp-content\/uploads\/2023\/05\/P5042049-1024x768.jpg\" class=\"attachment-large size-large wp-image-2288\" alt=\"\" srcset=\"https:\/\/acuarios-jandia.com\/wp-content\/uploads\/2023\/05\/P5042049-1024x768.jpg 1024w, https:\/\/acuarios-jandia.com\/wp-content\/uploads\/2023\/05\/P5042049-300x225.jpg 300w, https:\/\/acuarios-jandia.com\/wp-content\/uploads\/2023\/05\/P5042049-768x576.jpg 768w, https:\/\/acuarios-jandia.com\/wp-content\/uploads\/2023\/05\/P5042049-1536x1152.jpg 1536w, https:\/\/acuarios-jandia.com\/wp-content\/uploads\/2023\/05\/P5042049-2048x1536.jpg 2048w\" sizes=\"(max-width: 1024px) 100vw, 1024px\" \/>\t\t\t\t\t\t\t\t<\/a>\n\t\t\t\t\t\t\t\t\t\t\t\t\t\t\t<\/div>\n\t\t\t\t<\/div>\n\t\t\t\t<div class=\"elementor-element elementor-element-1857326 elementor-align-center elementor-widget elementor-widget-button\" data-id=\"1857326\" data-element_type=\"widget\" data-e-type=\"widget\" data-widget_type=\"button.default\">\n\t\t\t\t<div class=\"elementor-widget-container\">\n\t\t\t\t\t\t\t\t\t<div class=\"elementor-button-wrapper\">\n\t\t\t\t\t<a class=\"elementor-button elementor-button-link elementor-size-sm\" href=\"https:\/\/acuarios-jandia.com\/dive-excursions\/\">\n\t\t\t\t\t\t<span class=\"elementor-button-content-wrapper\">\n\t\t\t\t\t\t\t\t\t<span class=\"elementor-button-text\">Excursiones de buceo<\/span>\n\t\t\t\t\t<\/span>\n\t\t\t\t\t<\/a>\n\t\t\t\t<\/div>\n\t\t\t\t\t\t\t\t<\/div>\n\t\t\t\t<\/div>\n\t\t\t\t\t<\/div>\n\t\t<\/div>\n\t\t\t\t\t<\/div>\n\t\t<\/section>\n\t\t\t\t<\/div>\n\t\t","protected":false},"excerpt":{"rendered":"<p>Qu\u00e9 ofrecemos Has venido al lugar adecuado. No importa si eres nuevo en el mar o todo un experto en temas acu\u00e1ticos, en Acuarios Dive Center tenemos una actividad para todos. Tanto si vienes de vacaciones solo, con tu pareja o con toda la familia, tenemos una actividad en la que puedes participar. Joven o [&hellip;]<\/p>\n","protected":false},"author":1,"featured_media":0,"parent":0,"menu_order":0,"comment_status":"closed","ping_status":"closed","template":"","meta":{"site-sidebar-layout":"no-sidebar","site-content-layout":"page-builder","ast-site-content-layout":"default","site-content-style":"default","site-sidebar-style":"default","ast-global-header-display":"","ast-banner-title-visibility":"","ast-main-header-display":"","ast-hfb-above-header-display":"","ast-hfb-below-header-display":"","ast-hfb-mobile-header-display":"","site-post-title":"disabled","ast-breadcrumbs-content":"","ast-featured-img":"disabled","footer-sml-layout":"","ast-disable-related-posts":"","theme-transparent-header-meta":"","adv-header-id-meta":"","stick-header-meta":"","header-above-stick-meta":"","header-main-stick-meta":"","header-below-stick-meta":"","astra-migrate-meta-layouts":"default","ast-page-background-enabled":"default","ast-page-background-meta":{"desktop":{"background-color":"","background-image":"","background-repeat":"repeat","background-position":"center center","background-size":"auto","background-attachment":"scroll","background-type":"","background-media":"","overlay-type":"","overlay-color":"","overlay-opacity":"","overlay-gradient":""},"tablet":{"background-color":"","background-image":"","background-repeat":"repeat","background-position":"center center","background-size":"auto","background-attachment":"scroll","background-type":"","background-media":"","overlay-type":"","overlay-color":"","overlay-opacity":"","overlay-gradient":""},"mobile":{"background-color":"","background-image":"","background-repeat":"repeat","background-position":"center center","background-size":"auto","background-attachment":"scroll","background-type":"","background-media":"","overlay-type":"","overlay-color":"","overlay-opacity":"","overlay-gradient":""}},"ast-content-background-meta":{"desktop":{"background-color":"var(--ast-global-color-5)","background-image":"","background-repeat":"repeat","background-position":"center center","background-size":"auto","background-attachment":"scroll","background-type":"","background-media":"","overlay-type":"","overlay-color":"","overlay-opacity":"","overlay-gradient":""},"tablet":{"background-color":"var(--ast-global-color-5)","background-image":"","background-repeat":"repeat","background-position":"center center","background-size":"auto","background-attachment":"scroll","background-type":"","background-media":"","overlay-type":"","overlay-color":"","overlay-opacity":"","overlay-gradient":""},"mobile":{"background-color":"var(--ast-global-color-5)","background-image":"","background-repeat":"repeat","background-position":"center center","background-size":"auto","background-attachment":"scroll","background-type":"","background-media":"","overlay-type":"","overlay-color":"","overlay-opacity":"","overlay-gradient":""}},"footnotes":""},"class_list":["post-3108","page","type-page","status-publish","hentry"],"yoast_head":"<!-- This site is optimized with the Yoast SEO plugin v27.4 - https:\/\/yoast.com\/product\/yoast-seo-wordpress\/ -->\n<title>Actividades - Acuarios Jandia<\/title>\n<meta name=\"description\" content=\"Disfruta de nuestras actividades de buceo, tanto si vas de vacaciones solo, en pareja o en familia, tenemos una actividad para cada uno;\" \/>\n<meta name=\"robots\" content=\"index, follow, max-snippet:-1, max-image-preview:large, max-video-preview:-1\" \/>\n<link rel=\"canonical\" href=\"https:\/\/acuarios-jandia.com\/es\/actividades\/\" \/>\n<meta property=\"og:locale\" content=\"es_ES\" \/>\n<meta property=\"og:type\" content=\"article\" \/>\n<meta property=\"og:title\" content=\"Actividades - Acuarios Jandia\" \/>\n<meta property=\"og:description\" content=\"Disfruta de nuestras actividades de buceo, tanto si vas de vacaciones solo, en pareja o en familia, tenemos una actividad para cada uno;\" \/>\n<meta property=\"og:url\" content=\"https:\/\/acuarios-jandia.com\/es\/actividades\/\" \/>\n<meta property=\"og:site_name\" content=\"Acuarios Jandia\" \/>\n<meta property=\"article:modified_time\" content=\"2023-06-08T10:33:49+00:00\" \/>\n<meta property=\"og:image\" content=\"https:\/\/acuarios-jandia.com\/wp-content\/uploads\/2023\/05\/P5172183-scaled-1024x768.webp\" \/>\n<meta name=\"twitter:card\" content=\"summary_large_image\" \/>\n<meta name=\"twitter:label1\" content=\"Tiempo de lectura\" \/>\n\t<meta name=\"twitter:data1\" content=\"1 minuto\" \/>\n<script type=\"application\/ld+json\" class=\"yoast-schema-graph\">{\"@context\":\"https:\\\/\\\/schema.org\",\"@graph\":[{\"@type\":\"WebPage\",\"@id\":\"https:\\\/\\\/acuarios-jandia.com\\\/es\\\/actividades\\\/\",\"url\":\"https:\\\/\\\/acuarios-jandia.com\\\/es\\\/actividades\\\/\",\"name\":\"Actividades - Acuarios Jandia\",\"isPartOf\":{\"@id\":\"https:\\\/\\\/acuarios-jandia.com\\\/es\\\/#website\"},\"primaryImageOfPage\":{\"@id\":\"https:\\\/\\\/acuarios-jandia.com\\\/es\\\/actividades\\\/#primaryimage\"},\"image\":{\"@id\":\"https:\\\/\\\/acuarios-jandia.com\\\/es\\\/actividades\\\/#primaryimage\"},\"thumbnailUrl\":\"https:\\\/\\\/acuarios-jandia.com\\\/wp-content\\\/uploads\\\/2023\\\/05\\\/P5172183-scaled-1024x768.webp\",\"datePublished\":\"2023-05-26T16:51:36+00:00\",\"dateModified\":\"2023-06-08T10:33:49+00:00\",\"description\":\"Disfruta de nuestras actividades de buceo, tanto si vas de vacaciones solo, en pareja o en familia, tenemos una actividad para cada uno;\",\"breadcrumb\":{\"@id\":\"https:\\\/\\\/acuarios-jandia.com\\\/es\\\/actividades\\\/#breadcrumb\"},\"inLanguage\":\"es\",\"potentialAction\":[{\"@type\":\"ReadAction\",\"target\":[\"https:\\\/\\\/acuarios-jandia.com\\\/es\\\/actividades\\\/\"]}]},{\"@type\":\"ImageObject\",\"inLanguage\":\"es\",\"@id\":\"https:\\\/\\\/acuarios-jandia.com\\\/es\\\/actividades\\\/#primaryimage\",\"url\":\"https:\\\/\\\/acuarios-jandia.com\\\/wp-content\\\/uploads\\\/2023\\\/05\\\/P5172183-scaled-1024x768.webp\",\"contentUrl\":\"https:\\\/\\\/acuarios-jandia.com\\\/wp-content\\\/uploads\\\/2023\\\/05\\\/P5172183-scaled-1024x768.webp\"},{\"@type\":\"BreadcrumbList\",\"@id\":\"https:\\\/\\\/acuarios-jandia.com\\\/es\\\/actividades\\\/#breadcrumb\",\"itemListElement\":[{\"@type\":\"ListItem\",\"position\":1,\"name\":\"Portada\",\"item\":\"https:\\\/\\\/acuarios-jandia.com\\\/es\\\/home\\\/\"},{\"@type\":\"ListItem\",\"position\":2,\"name\":\"Actividades\"}]},{\"@type\":\"WebSite\",\"@id\":\"https:\\\/\\\/acuarios-jandia.com\\\/es\\\/#website\",\"url\":\"https:\\\/\\\/acuarios-jandia.com\\\/es\\\/\",\"name\":\"Acuarios Jandia\",\"description\":\"Dive center\",\"publisher\":{\"@id\":\"https:\\\/\\\/acuarios-jandia.com\\\/es\\\/#organization\"},\"potentialAction\":[{\"@type\":\"SearchAction\",\"target\":{\"@type\":\"EntryPoint\",\"urlTemplate\":\"https:\\\/\\\/acuarios-jandia.com\\\/es\\\/?s={search_term_string}\"},\"query-input\":{\"@type\":\"PropertyValueSpecification\",\"valueRequired\":true,\"valueName\":\"search_term_string\"}}],\"inLanguage\":\"es\"},{\"@type\":\"Organization\",\"@id\":\"https:\\\/\\\/acuarios-jandia.com\\\/es\\\/#organization\",\"name\":\"Acuarios Jandia Dive Center\",\"url\":\"https:\\\/\\\/acuarios-jandia.com\\\/es\\\/\",\"logo\":{\"@type\":\"ImageObject\",\"inLanguage\":\"es\",\"@id\":\"https:\\\/\\\/acuarios-jandia.com\\\/es\\\/#\\\/schema\\\/logo\\\/image\\\/\",\"url\":\"https:\\\/\\\/acuarios-jandia.com\\\/wp-content\\\/uploads\\\/2023\\\/05\\\/Logo23-09b-e1738232819532.webp\",\"contentUrl\":\"https:\\\/\\\/acuarios-jandia.com\\\/wp-content\\\/uploads\\\/2023\\\/05\\\/Logo23-09b-e1738232819532.webp\",\"width\":709,\"height\":709,\"caption\":\"Acuarios Jandia Dive Center\"},\"image\":{\"@id\":\"https:\\\/\\\/acuarios-jandia.com\\\/es\\\/#\\\/schema\\\/logo\\\/image\\\/\"}}]}<\/script>\n<!-- \/ Yoast SEO plugin. -->","yoast_head_json":{"title":"Actividades - Acuarios Jandia","description":"Disfruta de nuestras actividades de buceo, tanto si vas de vacaciones solo, en pareja o en familia, tenemos una actividad para cada uno;","robots":{"index":"index","follow":"follow","max-snippet":"max-snippet:-1","max-image-preview":"max-image-preview:large","max-video-preview":"max-video-preview:-1"},"canonical":"https:\/\/acuarios-jandia.com\/es\/actividades\/","og_locale":"es_ES","og_type":"article","og_title":"Actividades - Acuarios Jandia","og_description":"Disfruta de nuestras actividades de buceo, tanto si vas de vacaciones solo, en pareja o en familia, tenemos una actividad para cada uno;","og_url":"https:\/\/acuarios-jandia.com\/es\/actividades\/","og_site_name":"Acuarios Jandia","article_modified_time":"2023-06-08T10:33:49+00:00","og_image":[{"url":"https:\/\/acuarios-jandia.com\/wp-content\/uploads\/2023\/05\/P5172183-scaled-1024x768.webp","type":"","width":"","height":""}],"twitter_card":"summary_large_image","twitter_misc":{"Tiempo de lectura":"1 minuto"},"schema":{"@context":"https:\/\/schema.org","@graph":[{"@type":"WebPage","@id":"https:\/\/acuarios-jandia.com\/es\/actividades\/","url":"https:\/\/acuarios-jandia.com\/es\/actividades\/","name":"Actividades - Acuarios Jandia","isPartOf":{"@id":"https:\/\/acuarios-jandia.com\/es\/#website"},"primaryImageOfPage":{"@id":"https:\/\/acuarios-jandia.com\/es\/actividades\/#primaryimage"},"image":{"@id":"https:\/\/acuarios-jandia.com\/es\/actividades\/#primaryimage"},"thumbnailUrl":"https:\/\/acuarios-jandia.com\/wp-content\/uploads\/2023\/05\/P5172183-scaled-1024x768.webp","datePublished":"2023-05-26T16:51:36+00:00","dateModified":"2023-06-08T10:33:49+00:00","description":"Disfruta de nuestras actividades de buceo, tanto si vas de vacaciones solo, en pareja o en familia, tenemos una actividad para cada uno;","breadcrumb":{"@id":"https:\/\/acuarios-jandia.com\/es\/actividades\/#breadcrumb"},"inLanguage":"es","potentialAction":[{"@type":"ReadAction","target":["https:\/\/acuarios-jandia.com\/es\/actividades\/"]}]},{"@type":"ImageObject","inLanguage":"es","@id":"https:\/\/acuarios-jandia.com\/es\/actividades\/#primaryimage","url":"https:\/\/acuarios-jandia.com\/wp-content\/uploads\/2023\/05\/P5172183-scaled-1024x768.webp","contentUrl":"https:\/\/acuarios-jandia.com\/wp-content\/uploads\/2023\/05\/P5172183-scaled-1024x768.webp"},{"@type":"BreadcrumbList","@id":"https:\/\/acuarios-jandia.com\/es\/actividades\/#breadcrumb","itemListElement":[{"@type":"ListItem","position":1,"name":"Portada","item":"https:\/\/acuarios-jandia.com\/es\/home\/"},{"@type":"ListItem","position":2,"name":"Actividades"}]},{"@type":"WebSite","@id":"https:\/\/acuarios-jandia.com\/es\/#website","url":"https:\/\/acuarios-jandia.com\/es\/","name":"Acuarios Jandia","description":"Dive center","publisher":{"@id":"https:\/\/acuarios-jandia.com\/es\/#organization"},"potentialAction":[{"@type":"SearchAction","target":{"@type":"EntryPoint","urlTemplate":"https:\/\/acuarios-jandia.com\/es\/?s={search_term_string}"},"query-input":{"@type":"PropertyValueSpecification","valueRequired":true,"valueName":"search_term_string"}}],"inLanguage":"es"},{"@type":"Organization","@id":"https:\/\/acuarios-jandia.com\/es\/#organization","name":"Acuarios Jandia Dive Center","url":"https:\/\/acuarios-jandia.com\/es\/","logo":{"@type":"ImageObject","inLanguage":"es","@id":"https:\/\/acuarios-jandia.com\/es\/#\/schema\/logo\/image\/","url":"https:\/\/acuarios-jandia.com\/wp-content\/uploads\/2023\/05\/Logo23-09b-e1738232819532.webp","contentUrl":"https:\/\/acuarios-jandia.com\/wp-content\/uploads\/2023\/05\/Logo23-09b-e1738232819532.webp","width":709,"height":709,"caption":"Acuarios Jandia Dive Center"},"image":{"@id":"https:\/\/acuarios-jandia.com\/es\/#\/schema\/logo\/image\/"}}]}},"_links":{"self":[{"href":"https:\/\/acuarios-jandia.com\/es\/wp-json\/wp\/v2\/pages\/3108","targetHints":{"allow":["GET"]}}],"collection":[{"href":"https:\/\/acuarios-jandia.com\/es\/wp-json\/wp\/v2\/pages"}],"about":[{"href":"https:\/\/acuarios-jandia.com\/es\/wp-json\/wp\/v2\/types\/page"}],"author":[{"embeddable":true,"href":"https:\/\/acuarios-jandia.com\/es\/wp-json\/wp\/v2\/users\/1"}],"replies":[{"embeddable":true,"href":"https:\/\/acuarios-jandia.com\/es\/wp-json\/wp\/v2\/comments?post=3108"}],"version-history":[{"count":2,"href":"https:\/\/acuarios-jandia.com\/es\/wp-json\/wp\/v2\/pages\/3108\/revisions"}],"predecessor-version":[{"id":3343,"href":"https:\/\/acuarios-jandia.com\/es\/wp-json\/wp\/v2\/pages\/3108\/revisions\/3343"}],"wp:attachment":[{"href":"https:\/\/acuarios-jandia.com\/es\/wp-json\/wp\/v2\/media?parent=3108"}],"curies":[{"name":"wp","href":"https:\/\/api.w.org\/{rel}","templated":true}]}}