{"id":3169,"date":"2018-11-27T09:17:28","date_gmt":"2018-11-27T09:17:28","guid":{"rendered":"https:\/\/acuarios-jandia.com\/cursos\/"},"modified":"2023-12-06T17:48:11","modified_gmt":"2023-12-06T17:48:11","slug":"cursos","status":"publish","type":"page","link":"https:\/\/acuarios-jandia.com\/es\/cursos\/","title":{"rendered":"Cursos"},"content":{"rendered":"\t\t<div data-elementor-type=\"wp-post\" data-elementor-id=\"3169\" class=\"elementor elementor-3169 elementor-542\">\n\t\t\t\t\t\t<section class=\"elementor-section elementor-top-section elementor-element elementor-element-33a79095 elementor-section-boxed elementor-section-height-default elementor-section-height-default\" data-id=\"33a79095\" data-element_type=\"section\" data-e-type=\"section\" data-settings=\"{&quot;background_background&quot;:&quot;classic&quot;}\">\n\t\t\t\t\t\t\t<div class=\"elementor-background-overlay\"><\/div>\n\t\t\t\t\t\t\t<div class=\"elementor-container elementor-column-gap-default\">\n\t\t\t\t\t<div class=\"elementor-column elementor-col-100 elementor-top-column elementor-element elementor-element-3706530d\" data-id=\"3706530d\" data-element_type=\"column\" data-e-type=\"column\">\n\t\t\t<div class=\"elementor-widget-wrap elementor-element-populated\">\n\t\t\t\t\t\t<div class=\"elementor-element elementor-element-537de1f elementor-widget elementor-widget-heading\" data-id=\"537de1f\" data-element_type=\"widget\" data-e-type=\"widget\" data-widget_type=\"heading.default\">\n\t\t\t\t<div class=\"elementor-widget-container\">\n\t\t\t\t\t<h2 class=\"elementor-heading-title elementor-size-default\">Convi\u00e9rtase en buceador certificado con nuestros cursos<\/h2>\t\t\t\t<\/div>\n\t\t\t\t<\/div>\n\t\t\t\t\t<\/div>\n\t\t<\/div>\n\t\t\t\t\t<\/div>\n\t\t<\/section>\n\t\t\t\t<section class=\"elementor-section elementor-top-section elementor-element elementor-element-14b5cd1 elementor-section-boxed elementor-section-height-default elementor-section-height-default\" data-id=\"14b5cd1\" data-element_type=\"section\" data-e-type=\"section\">\n\t\t\t\t\t\t<div class=\"elementor-container elementor-column-gap-default\">\n\t\t\t\t\t<div class=\"elementor-column elementor-col-100 elementor-top-column elementor-element elementor-element-22e757f\" data-id=\"22e757f\" data-element_type=\"column\" data-e-type=\"column\">\n\t\t\t<div class=\"elementor-widget-wrap elementor-element-populated\">\n\t\t\t\t\t\t<div class=\"elementor-element elementor-element-7f10856 elementor-widget elementor-widget-heading\" data-id=\"7f10856\" data-element_type=\"widget\" data-e-type=\"widget\" data-widget_type=\"heading.default\">\n\t\t\t\t<div class=\"elementor-widget-container\">\n\t\t\t\t\t<h3 class=\"elementor-heading-title elementor-size-default\">Elige tu organizaci\u00f3n<\/h3>\t\t\t\t<\/div>\n\t\t\t\t<\/div>\n\t\t\t\t<div class=\"elementor-element elementor-element-8a747e3 elementor-widget elementor-widget-text-editor\" data-id=\"8a747e3\" data-element_type=\"widget\" data-e-type=\"widget\" data-widget_type=\"text-editor.default\">\n\t\t\t\t<div class=\"elementor-widget-container\">\n\t\t\t\t\t\t\t\t\t<p><strong>Precio: se encuentra bajo la descripci\u00f3n de cada uno de los cursos<\/strong><\/p>\n<p><strong>Qu\u00e9 llevar: agua, toalla, ba\u00f1ador, ropa seca, reconocimiento m\u00e9dico, \u00a1y ganas de aprender!<\/strong><\/p>\n<p><span style=\"font-weight: 400;\">Tanto si ya eres un buceador certificado como si quiere empezar tu aventura submarina desde cero, hay un curso para todos. Desde Scuba Diver hasta Dive Master, puedes elegir libremente en funci\u00f3n del nivel en el que te encuentres en este momento. <\/span><\/p>\n<p><span style=\"font-weight: 400;\">En Acuarios Dive Center trabajamos con dos de las mayores organizaciones de buceo mundialmente conocidas por sus certificaciones de buceo, SSI y PADI. Puedes decidir con cu\u00e1l de ellas quieres empezar o continuar tu formaci\u00f3n de buceo. Algunos de nuestros instructores son SSI y otros PADI. Puede que hayas o\u00eddo hablar una cosa u otra de cada una de estas organizaciones, pero lo cierto es que ninguna de ellas es mejor que la otra, ambas son organizaciones igualmente reconocidas y perfectamente normalizadas, con s\u00f3lo una ligera diferencia en su proceso de aprendizaje de la teor\u00eda. <\/span><\/p>\n<p><span style=\"font-weight: 400;\">En los siguientes enlaces encontrar\u00e1 m\u00e1s informaci\u00f3n sobre cada una de las organizaciones y los cursos que ofrecemos con cada una de ellas. T\u00f3mate tu tiempo para conocerlos y d\u00ednos cu\u00e1l eliges para tu proceso de aprendizaje. A continuaci\u00f3n, nuestros experimentados instructores te ense\u00f1ar\u00e1n todas las habilidades que necesitas para completar tu curso. <\/span><\/p>\n<p><span style=\"font-weight: 400;\">Si en alg\u00fan momento tiene alguna duda sobre el funcionamiento de estas organizaciones<\/span>, no dudes ponerte en <a style=\"font-size: 1rem;\" href=\"https:\/\/acuarios-jandia.com\/es\/contacto\/\" target=\"_blank\" rel=\"noopener\">contacto<\/a> <span style=\"font-weight: 400;\">con nosotros<\/span><\/p>\n\t\t\t\t\t\t\t\t<\/div>\n\t\t\t\t<\/div>\n\t\t\t\t\t<\/div>\n\t\t<\/div>\n\t\t\t\t\t<\/div>\n\t\t<\/section>\n\t\t\t\t<section class=\"elementor-section elementor-top-section elementor-element elementor-element-06de645 elementor-section-boxed elementor-section-height-default elementor-section-height-default\" data-id=\"06de645\" data-element_type=\"section\" data-e-type=\"section\">\n\t\t\t\t\t\t<div class=\"elementor-container elementor-column-gap-default\">\n\t\t\t\t\t<div class=\"elementor-column elementor-col-50 elementor-top-column elementor-element elementor-element-1b6ae7d\" data-id=\"1b6ae7d\" data-element_type=\"column\" data-e-type=\"column\">\n\t\t\t<div class=\"elementor-widget-wrap elementor-element-populated\">\n\t\t\t\t\t\t<div class=\"elementor-element elementor-element-2545842 elementor-widget elementor-widget-video\" data-id=\"2545842\" data-element_type=\"widget\" data-e-type=\"widget\" data-settings=\"{&quot;youtube_url&quot;:&quot;https:\\\/\\\/www.youtube.com\\\/watch?v=oeq954uo4NA&quot;,&quot;start&quot;:0,&quot;end&quot;:0,&quot;yt_privacy&quot;:&quot;yes&quot;,&quot;video_type&quot;:&quot;youtube&quot;,&quot;controls&quot;:&quot;yes&quot;}\" data-widget_type=\"video.default\">\n\t\t\t\t<div class=\"elementor-widget-container\">\n\t\t\t\t\t\t\t<div class=\"elementor-wrapper elementor-open-inline\">\n\t\t\t<div class=\"elementor-video\"><\/div>\t\t<\/div>\n\t\t\t\t\t\t<\/div>\n\t\t\t\t<\/div>\n\t\t\t\t<div class=\"elementor-element elementor-element-3100201 elementor-position-top elementor-widget elementor-widget-image-box\" data-id=\"3100201\" data-element_type=\"widget\" data-e-type=\"widget\" data-widget_type=\"image-box.default\">\n\t\t\t\t<div class=\"elementor-widget-container\">\n\t\t\t\t\t<div class=\"elementor-image-box-wrapper\"><figure class=\"elementor-image-box-img\"><img fetchpriority=\"high\" decoding=\"async\" width=\"282\" height=\"300\" src=\"https:\/\/acuarios-jandia.com\/wp-content\/uploads\/2023\/05\/logo_ssi_transparent-282x300.webp\" class=\"attachment-medium size-medium wp-image-1429\" alt=\"logo ssi\" srcset=\"https:\/\/acuarios-jandia.com\/wp-content\/uploads\/2023\/05\/logo_ssi_transparent-282x300.webp 282w, https:\/\/acuarios-jandia.com\/wp-content\/uploads\/2023\/05\/logo_ssi_transparent.webp 709w\" sizes=\"(max-width: 282px) 100vw, 282px\" \/><\/figure><div class=\"elementor-image-box-content\"><h2 class=\"elementor-image-box-title\">SSI<\/h2><p class=\"elementor-image-box-description\">Escanee este c\u00f3digo y consiga gratis los tres primeros cap\u00edtulos de sus aguas abiertas, disponibles en 35 idiomas, y un diario de buceo para registrar tus inmersiones.<\/p><\/div><\/div>\t\t\t\t<\/div>\n\t\t\t\t<\/div>\n\t\t\t\t<div class=\"elementor-element elementor-element-81b1432 elementor-widget elementor-widget-image\" data-id=\"81b1432\" data-element_type=\"widget\" data-e-type=\"widget\" data-widget_type=\"image.default\">\n\t\t\t\t<div class=\"elementor-widget-container\">\n\t\t\t\t\t\t\t\t\t\t\t\t\t\t\t<img decoding=\"async\" src=\"https:\/\/acuarios-jandia.com\/wp-content\/uploads\/elementor\/thumbs\/codigo-qr-para-cursos-ssi-q57h7yfbsfl741qw7jfgaiehyi0hkf0uxz0br9zbgw.png\" title=\"codigo qr para cursos ssi\" alt=\"codigo qr para cursos ssi\" loading=\"lazy\" \/>\t\t\t\t\t\t\t\t\t\t\t\t\t\t\t<\/div>\n\t\t\t\t<\/div>\n\t\t\t\t<div class=\"elementor-element elementor-element-6c9b71b elementor-align-center elementor-widget elementor-widget-button\" data-id=\"6c9b71b\" data-element_type=\"widget\" data-e-type=\"widget\" data-widget_type=\"button.default\">\n\t\t\t\t<div class=\"elementor-widget-container\">\n\t\t\t\t\t\t\t\t\t<div class=\"elementor-button-wrapper\">\n\t\t\t\t\t<a class=\"elementor-button elementor-button-link elementor-size-sm\" href=\"https:\/\/acuarios-jandia.com\/es\/cursos-ssi\/\">\n\t\t\t\t\t\t<span class=\"elementor-button-content-wrapper\">\n\t\t\t\t\t\t<span class=\"elementor-button-icon\">\n\t\t\t\t<i aria-hidden=\"true\" class=\"fas fa-long-arrow-alt-right\"><\/i>\t\t\t<\/span>\n\t\t\t\t\t\t\t\t\t<span class=\"elementor-button-text\">M\u00e1s informaci\u00f3n<\/span>\n\t\t\t\t\t<\/span>\n\t\t\t\t\t<\/a>\n\t\t\t\t<\/div>\n\t\t\t\t\t\t\t\t<\/div>\n\t\t\t\t<\/div>\n\t\t\t\t\t<\/div>\n\t\t<\/div>\n\t\t\t\t<div class=\"elementor-column elementor-col-50 elementor-top-column elementor-element elementor-element-2cc3959\" data-id=\"2cc3959\" data-element_type=\"column\" data-e-type=\"column\">\n\t\t\t<div class=\"elementor-widget-wrap elementor-element-populated\">\n\t\t\t\t\t\t<div class=\"elementor-element elementor-element-0f2b282 elementor-widget elementor-widget-video\" data-id=\"0f2b282\" data-element_type=\"widget\" data-e-type=\"widget\" data-settings=\"{&quot;youtube_url&quot;:&quot;https:\\\/\\\/www.youtube.com\\\/watch?v=KvZT3etZIsw&quot;,&quot;yt_privacy&quot;:&quot;yes&quot;,&quot;video_type&quot;:&quot;youtube&quot;,&quot;controls&quot;:&quot;yes&quot;}\" data-widget_type=\"video.default\">\n\t\t\t\t<div class=\"elementor-widget-container\">\n\t\t\t\t\t\t\t<div class=\"elementor-wrapper elementor-open-inline\">\n\t\t\t<div class=\"elementor-video\"><\/div>\t\t<\/div>\n\t\t\t\t\t\t<\/div>\n\t\t\t\t<\/div>\n\t\t\t\t<div class=\"elementor-element elementor-element-fe45bdb elementor-position-top elementor-widget elementor-widget-image-box\" data-id=\"fe45bdb\" data-element_type=\"widget\" data-e-type=\"widget\" data-widget_type=\"image-box.default\">\n\t\t\t\t<div class=\"elementor-widget-container\">\n\t\t\t\t\t<div class=\"elementor-image-box-wrapper\"><figure class=\"elementor-image-box-img\"><img decoding=\"async\" width=\"265\" height=\"300\" src=\"https:\/\/acuarios-jandia.com\/wp-content\/uploads\/2023\/12\/padi-instructor-3-265x300.jpg\" class=\"attachment-medium size-medium wp-image-3539\" alt=\"\" srcset=\"https:\/\/acuarios-jandia.com\/wp-content\/uploads\/2023\/12\/padi-instructor-3-265x300.jpg 265w, https:\/\/acuarios-jandia.com\/wp-content\/uploads\/2023\/12\/padi-instructor-3.jpg 750w\" sizes=\"(max-width: 265px) 100vw, 265px\" \/><\/figure><div class=\"elementor-image-box-content\"><h5 class=\"elementor-image-box-title\">Padi<\/h5><p class=\"elementor-image-box-description\">Una de las organizaciones de buceo m\u00e1s populares y reconocidas del mundo con dos m\u00e9todos de aprendizaje: formaci\u00f3n digital, seg\u00fan tus preferencias.<\/p><\/div><\/div>\t\t\t\t<\/div>\n\t\t\t\t<\/div>\n\t\t\t\t<div class=\"elementor-element elementor-element-ed445c3 elementor-align-center elementor-widget elementor-widget-button\" data-id=\"ed445c3\" data-element_type=\"widget\" data-e-type=\"widget\" data-widget_type=\"button.default\">\n\t\t\t\t<div class=\"elementor-widget-container\">\n\t\t\t\t\t\t\t\t\t<div class=\"elementor-button-wrapper\">\n\t\t\t\t\t<a class=\"elementor-button elementor-button-link elementor-size-sm\" href=\"https:\/\/acuarios-jandia.com\/es\/cursos-padi\/\">\n\t\t\t\t\t\t<span class=\"elementor-button-content-wrapper\">\n\t\t\t\t\t\t<span class=\"elementor-button-icon\">\n\t\t\t\t<i aria-hidden=\"true\" class=\"fas fa-long-arrow-alt-right\"><\/i>\t\t\t<\/span>\n\t\t\t\t\t\t\t\t\t<span class=\"elementor-button-text\">M\u00e1s informaci\u00f3n<\/span>\n\t\t\t\t\t<\/span>\n\t\t\t\t\t<\/a>\n\t\t\t\t<\/div>\n\t\t\t\t\t\t\t\t<\/div>\n\t\t\t\t<\/div>\n\t\t\t\t\t<\/div>\n\t\t<\/div>\n\t\t\t\t\t<\/div>\n\t\t<\/section>\n\t\t\t\t<\/div>\n\t\t","protected":false},"excerpt":{"rendered":"<p>Convi\u00e9rtase en buceador certificado con nuestros cursos Elige tu organizaci\u00f3n Precio: se encuentra bajo la descripci\u00f3n de cada uno de los cursos Qu\u00e9 llevar: agua, toalla, ba\u00f1ador, ropa seca, reconocimiento m\u00e9dico, \u00a1y ganas de aprender! Tanto si ya eres un buceador certificado como si quiere empezar tu aventura submarina desde cero, hay un curso para [&hellip;]<\/p>\n","protected":false},"author":1,"featured_media":2112,"parent":0,"menu_order":0,"comment_status":"closed","ping_status":"closed","template":"","meta":{"site-sidebar-layout":"no-sidebar","site-content-layout":"page-builder","ast-site-content-layout":"default","site-content-style":"default","site-sidebar-style":"default","ast-global-header-display":"","ast-banner-title-visibility":"","ast-main-header-display":"","ast-hfb-above-header-display":"","ast-hfb-below-header-display":"","ast-hfb-mobile-header-display":"","site-post-title":"disabled","ast-breadcrumbs-content":"","ast-featured-img":"disabled","footer-sml-layout":"","ast-disable-related-posts":"","theme-transparent-header-meta":"enabled","adv-header-id-meta":"","stick-header-meta":"","header-above-stick-meta":"","header-main-stick-meta":"","header-below-stick-meta":"","astra-migrate-meta-layouts":"default","ast-page-background-enabled":"default","ast-page-background-meta":{"desktop":{"background-color":"","background-image":"","background-repeat":"repeat","background-position":"center center","background-size":"auto","background-attachment":"scroll","background-type":"","background-media":"","overlay-type":"","overlay-color":"","overlay-opacity":"","overlay-gradient":""},"tablet":{"background-color":"","background-image":"","background-repeat":"repeat","background-position":"center center","background-size":"auto","background-attachment":"scroll","background-type":"","background-media":"","overlay-type":"","overlay-color":"","overlay-opacity":"","overlay-gradient":""},"mobile":{"background-color":"","background-image":"","background-repeat":"repeat","background-position":"center center","background-size":"auto","background-attachment":"scroll","background-type":"","background-media":"","overlay-type":"","overlay-color":"","overlay-opacity":"","overlay-gradient":""}},"ast-content-background-meta":{"desktop":{"background-color":"var(--ast-global-color-5)","background-image":"","background-repeat":"repeat","background-position":"center center","background-size":"auto","background-attachment":"scroll","background-type":"","background-media":"","overlay-type":"","overlay-color":"","overlay-opacity":"","overlay-gradient":""},"tablet":{"background-color":"var(--ast-global-color-5)","background-image":"","background-repeat":"repeat","background-position":"center center","background-size":"auto","background-attachment":"scroll","background-type":"","background-media":"","overlay-type":"","overlay-color":"","overlay-opacity":"","overlay-gradient":""},"mobile":{"background-color":"var(--ast-global-color-5)","background-image":"","background-repeat":"repeat","background-position":"center center","background-size":"auto","background-attachment":"scroll","background-type":"","background-media":"","overlay-type":"","overlay-color":"","overlay-opacity":"","overlay-gradient":""}},"footnotes":""},"class_list":["post-3169","page","type-page","status-publish","has-post-thumbnail","hentry"],"yoast_head":"<!-- This site is optimized with the Yoast SEO plugin v27.4 - https:\/\/yoast.com\/product\/yoast-seo-wordpress\/ -->\n<title>Cursos - Acuarios Jandia<\/title>\n<meta name=\"description\" content=\"Cursos Ssi y Padi para todos los niveles: Con nuestros experimentados instructores, puedes aprender desde el curso Open water hasta cursos pro.\" \/>\n<meta name=\"robots\" content=\"index, follow, max-snippet:-1, max-image-preview:large, max-video-preview:-1\" \/>\n<link rel=\"canonical\" href=\"https:\/\/acuarios-jandia.com\/es\/cursos\/\" \/>\n<meta property=\"og:locale\" content=\"es_ES\" \/>\n<meta property=\"og:type\" content=\"article\" \/>\n<meta property=\"og:title\" content=\"Cursos - Acuarios Jandia\" \/>\n<meta property=\"og:description\" content=\"Cursos Ssi y Padi para todos los niveles: Con nuestros experimentados instructores, puedes aprender desde el curso Open water hasta cursos pro.\" \/>\n<meta property=\"og:url\" content=\"https:\/\/acuarios-jandia.com\/es\/cursos\/\" \/>\n<meta property=\"og:site_name\" content=\"Acuarios Jandia\" \/>\n<meta property=\"article:modified_time\" content=\"2023-12-06T17:48:11+00:00\" \/>\n<meta property=\"og:image\" content=\"https:\/\/acuarios-jandia.com\/wp-content\/uploads\/2023\/04\/padi-ssi-logo.png\" \/>\n\t<meta property=\"og:image:width\" content=\"500\" \/>\n\t<meta property=\"og:image:height\" content=\"500\" \/>\n\t<meta property=\"og:image:type\" content=\"image\/png\" \/>\n<meta name=\"twitter:card\" content=\"summary_large_image\" \/>\n<meta name=\"twitter:label1\" content=\"Tiempo de lectura\" \/>\n\t<meta name=\"twitter:data1\" content=\"2 minutos\" \/>\n<script type=\"application\/ld+json\" class=\"yoast-schema-graph\">{\"@context\":\"https:\\\/\\\/schema.org\",\"@graph\":[{\"@type\":\"WebPage\",\"@id\":\"https:\\\/\\\/acuarios-jandia.com\\\/es\\\/cursos\\\/\",\"url\":\"https:\\\/\\\/acuarios-jandia.com\\\/es\\\/cursos\\\/\",\"name\":\"Cursos - Acuarios Jandia\",\"isPartOf\":{\"@id\":\"https:\\\/\\\/acuarios-jandia.com\\\/es\\\/#website\"},\"primaryImageOfPage\":{\"@id\":\"https:\\\/\\\/acuarios-jandia.com\\\/es\\\/cursos\\\/#primaryimage\"},\"image\":{\"@id\":\"https:\\\/\\\/acuarios-jandia.com\\\/es\\\/cursos\\\/#primaryimage\"},\"thumbnailUrl\":\"https:\\\/\\\/acuarios-jandia.com\\\/wp-content\\\/uploads\\\/2023\\\/04\\\/padi-ssi-logo.png\",\"datePublished\":\"2018-11-27T09:17:28+00:00\",\"dateModified\":\"2023-12-06T17:48:11+00:00\",\"description\":\"Cursos Ssi y Padi para todos los niveles: Con nuestros experimentados instructores, puedes aprender desde el curso Open water hasta cursos pro.\",\"breadcrumb\":{\"@id\":\"https:\\\/\\\/acuarios-jandia.com\\\/es\\\/cursos\\\/#breadcrumb\"},\"inLanguage\":\"es\",\"potentialAction\":[{\"@type\":\"ReadAction\",\"target\":[\"https:\\\/\\\/acuarios-jandia.com\\\/es\\\/cursos\\\/\"]}]},{\"@type\":\"ImageObject\",\"inLanguage\":\"es\",\"@id\":\"https:\\\/\\\/acuarios-jandia.com\\\/es\\\/cursos\\\/#primaryimage\",\"url\":\"https:\\\/\\\/acuarios-jandia.com\\\/wp-content\\\/uploads\\\/2023\\\/04\\\/padi-ssi-logo.png\",\"contentUrl\":\"https:\\\/\\\/acuarios-jandia.com\\\/wp-content\\\/uploads\\\/2023\\\/04\\\/padi-ssi-logo.png\",\"width\":500,\"height\":500},{\"@type\":\"BreadcrumbList\",\"@id\":\"https:\\\/\\\/acuarios-jandia.com\\\/es\\\/cursos\\\/#breadcrumb\",\"itemListElement\":[{\"@type\":\"ListItem\",\"position\":1,\"name\":\"Portada\",\"item\":\"https:\\\/\\\/acuarios-jandia.com\\\/es\\\/home\\\/\"},{\"@type\":\"ListItem\",\"position\":2,\"name\":\"Cursos\"}]},{\"@type\":\"WebSite\",\"@id\":\"https:\\\/\\\/acuarios-jandia.com\\\/es\\\/#website\",\"url\":\"https:\\\/\\\/acuarios-jandia.com\\\/es\\\/\",\"name\":\"Acuarios Jandia\",\"description\":\"Dive center\",\"publisher\":{\"@id\":\"https:\\\/\\\/acuarios-jandia.com\\\/es\\\/#organization\"},\"potentialAction\":[{\"@type\":\"SearchAction\",\"target\":{\"@type\":\"EntryPoint\",\"urlTemplate\":\"https:\\\/\\\/acuarios-jandia.com\\\/es\\\/?s={search_term_string}\"},\"query-input\":{\"@type\":\"PropertyValueSpecification\",\"valueRequired\":true,\"valueName\":\"search_term_string\"}}],\"inLanguage\":\"es\"},{\"@type\":\"Organization\",\"@id\":\"https:\\\/\\\/acuarios-jandia.com\\\/es\\\/#organization\",\"name\":\"Acuarios Jandia Dive Center\",\"url\":\"https:\\\/\\\/acuarios-jandia.com\\\/es\\\/\",\"logo\":{\"@type\":\"ImageObject\",\"inLanguage\":\"es\",\"@id\":\"https:\\\/\\\/acuarios-jandia.com\\\/es\\\/#\\\/schema\\\/logo\\\/image\\\/\",\"url\":\"https:\\\/\\\/acuarios-jandia.com\\\/wp-content\\\/uploads\\\/2023\\\/05\\\/Logo23-09b-e1738232819532.webp\",\"contentUrl\":\"https:\\\/\\\/acuarios-jandia.com\\\/wp-content\\\/uploads\\\/2023\\\/05\\\/Logo23-09b-e1738232819532.webp\",\"width\":709,\"height\":709,\"caption\":\"Acuarios Jandia Dive Center\"},\"image\":{\"@id\":\"https:\\\/\\\/acuarios-jandia.com\\\/es\\\/#\\\/schema\\\/logo\\\/image\\\/\"}}]}<\/script>\n<!-- \/ Yoast SEO plugin. -->","yoast_head_json":{"title":"Cursos - Acuarios Jandia","description":"Cursos Ssi y Padi para todos los niveles: Con nuestros experimentados instructores, puedes aprender desde el curso Open water hasta cursos pro.","robots":{"index":"index","follow":"follow","max-snippet":"max-snippet:-1","max-image-preview":"max-image-preview:large","max-video-preview":"max-video-preview:-1"},"canonical":"https:\/\/acuarios-jandia.com\/es\/cursos\/","og_locale":"es_ES","og_type":"article","og_title":"Cursos - Acuarios Jandia","og_description":"Cursos Ssi y Padi para todos los niveles: Con nuestros experimentados instructores, puedes aprender desde el curso Open water hasta cursos pro.","og_url":"https:\/\/acuarios-jandia.com\/es\/cursos\/","og_site_name":"Acuarios Jandia","article_modified_time":"2023-12-06T17:48:11+00:00","og_image":[{"width":500,"height":500,"url":"https:\/\/acuarios-jandia.com\/wp-content\/uploads\/2023\/04\/padi-ssi-logo.png","type":"image\/png"}],"twitter_card":"summary_large_image","twitter_misc":{"Tiempo de lectura":"2 minutos"},"schema":{"@context":"https:\/\/schema.org","@graph":[{"@type":"WebPage","@id":"https:\/\/acuarios-jandia.com\/es\/cursos\/","url":"https:\/\/acuarios-jandia.com\/es\/cursos\/","name":"Cursos - Acuarios Jandia","isPartOf":{"@id":"https:\/\/acuarios-jandia.com\/es\/#website"},"primaryImageOfPage":{"@id":"https:\/\/acuarios-jandia.com\/es\/cursos\/#primaryimage"},"image":{"@id":"https:\/\/acuarios-jandia.com\/es\/cursos\/#primaryimage"},"thumbnailUrl":"https:\/\/acuarios-jandia.com\/wp-content\/uploads\/2023\/04\/padi-ssi-logo.png","datePublished":"2018-11-27T09:17:28+00:00","dateModified":"2023-12-06T17:48:11+00:00","description":"Cursos Ssi y Padi para todos los niveles: Con nuestros experimentados instructores, puedes aprender desde el curso Open water hasta cursos pro.","breadcrumb":{"@id":"https:\/\/acuarios-jandia.com\/es\/cursos\/#breadcrumb"},"inLanguage":"es","potentialAction":[{"@type":"ReadAction","target":["https:\/\/acuarios-jandia.com\/es\/cursos\/"]}]},{"@type":"ImageObject","inLanguage":"es","@id":"https:\/\/acuarios-jandia.com\/es\/cursos\/#primaryimage","url":"https:\/\/acuarios-jandia.com\/wp-content\/uploads\/2023\/04\/padi-ssi-logo.png","contentUrl":"https:\/\/acuarios-jandia.com\/wp-content\/uploads\/2023\/04\/padi-ssi-logo.png","width":500,"height":500},{"@type":"BreadcrumbList","@id":"https:\/\/acuarios-jandia.com\/es\/cursos\/#breadcrumb","itemListElement":[{"@type":"ListItem","position":1,"name":"Portada","item":"https:\/\/acuarios-jandia.com\/es\/home\/"},{"@type":"ListItem","position":2,"name":"Cursos"}]},{"@type":"WebSite","@id":"https:\/\/acuarios-jandia.com\/es\/#website","url":"https:\/\/acuarios-jandia.com\/es\/","name":"Acuarios Jandia","description":"Dive center","publisher":{"@id":"https:\/\/acuarios-jandia.com\/es\/#organization"},"potentialAction":[{"@type":"SearchAction","target":{"@type":"EntryPoint","urlTemplate":"https:\/\/acuarios-jandia.com\/es\/?s={search_term_string}"},"query-input":{"@type":"PropertyValueSpecification","valueRequired":true,"valueName":"search_term_string"}}],"inLanguage":"es"},{"@type":"Organization","@id":"https:\/\/acuarios-jandia.com\/es\/#organization","name":"Acuarios Jandia Dive Center","url":"https:\/\/acuarios-jandia.com\/es\/","logo":{"@type":"ImageObject","inLanguage":"es","@id":"https:\/\/acuarios-jandia.com\/es\/#\/schema\/logo\/image\/","url":"https:\/\/acuarios-jandia.com\/wp-content\/uploads\/2023\/05\/Logo23-09b-e1738232819532.webp","contentUrl":"https:\/\/acuarios-jandia.com\/wp-content\/uploads\/2023\/05\/Logo23-09b-e1738232819532.webp","width":709,"height":709,"caption":"Acuarios Jandia Dive Center"},"image":{"@id":"https:\/\/acuarios-jandia.com\/es\/#\/schema\/logo\/image\/"}}]}},"_links":{"self":[{"href":"https:\/\/acuarios-jandia.com\/es\/wp-json\/wp\/v2\/pages\/3169","targetHints":{"allow":["GET"]}}],"collection":[{"href":"https:\/\/acuarios-jandia.com\/es\/wp-json\/wp\/v2\/pages"}],"about":[{"href":"https:\/\/acuarios-jandia.com\/es\/wp-json\/wp\/v2\/types\/page"}],"author":[{"embeddable":true,"href":"https:\/\/acuarios-jandia.com\/es\/wp-json\/wp\/v2\/users\/1"}],"replies":[{"embeddable":true,"href":"https:\/\/acuarios-jandia.com\/es\/wp-json\/wp\/v2\/comments?post=3169"}],"version-history":[{"count":2,"href":"https:\/\/acuarios-jandia.com\/es\/wp-json\/wp\/v2\/pages\/3169\/revisions"}],"predecessor-version":[{"id":3558,"href":"https:\/\/acuarios-jandia.com\/es\/wp-json\/wp\/v2\/pages\/3169\/revisions\/3558"}],"wp:featuredmedia":[{"embeddable":true,"href":"https:\/\/acuarios-jandia.com\/es\/wp-json\/wp\/v2\/media\/2112"}],"wp:attachment":[{"href":"https:\/\/acuarios-jandia.com\/es\/wp-json\/wp\/v2\/media?parent=3169"}],"curies":[{"name":"wp","href":"https:\/\/api.w.org\/{rel}","templated":true}]}}