{"id":3197,"date":"2023-05-19T13:35:21","date_gmt":"2023-05-19T13:35:21","guid":{"rendered":"https:\/\/acuarios-jandia.com\/centros-de-buceo\/"},"modified":"2023-06-03T13:01:52","modified_gmt":"2023-06-03T13:01:52","slug":"centros-de-buceo","status":"publish","type":"page","link":"https:\/\/acuarios-jandia.com\/es\/centros-de-buceo\/","title":{"rendered":"Centros de buceo"},"content":{"rendered":"\t\t<div data-elementor-type=\"wp-page\" data-elementor-id=\"3197\" class=\"elementor elementor-3197 elementor-1479\">\n\t\t\t\t\t\t<section class=\"elementor-section elementor-top-section elementor-element elementor-element-fed5ee7 elementor-section-boxed elementor-section-height-default elementor-section-height-default\" data-id=\"fed5ee7\" data-element_type=\"section\" data-e-type=\"section\" data-settings=\"{&quot;background_background&quot;:&quot;classic&quot;}\">\n\t\t\t\t\t\t<div class=\"elementor-container elementor-column-gap-default\">\n\t\t\t\t\t<div class=\"elementor-column elementor-col-100 elementor-top-column elementor-element elementor-element-9e3907c\" data-id=\"9e3907c\" data-element_type=\"column\" data-e-type=\"column\">\n\t\t\t<div class=\"elementor-widget-wrap elementor-element-populated\">\n\t\t\t\t\t\t<div class=\"elementor-element elementor-element-d6f2066 elementor-widget elementor-widget-heading\" data-id=\"d6f2066\" data-element_type=\"widget\" data-e-type=\"widget\" data-widget_type=\"heading.default\">\n\t\t\t\t<div class=\"elementor-widget-container\">\n\t\t\t\t\t<h2 class=\"elementor-heading-title elementor-size-default\">Centros de buceo<\/h2>\t\t\t\t<\/div>\n\t\t\t\t<\/div>\n\t\t\t\t\t<\/div>\n\t\t<\/div>\n\t\t\t\t\t<\/div>\n\t\t<\/section>\n\t\t\t\t<section class=\"elementor-section elementor-top-section elementor-element elementor-element-d40855d elementor-section-boxed elementor-section-height-default elementor-section-height-default\" data-id=\"d40855d\" data-element_type=\"section\" data-e-type=\"section\">\n\t\t\t\t\t\t<div class=\"elementor-container elementor-column-gap-default\">\n\t\t\t\t\t<div class=\"elementor-column elementor-col-100 elementor-top-column elementor-element elementor-element-1d1a309\" data-id=\"1d1a309\" data-element_type=\"column\" data-e-type=\"column\">\n\t\t\t<div class=\"elementor-widget-wrap elementor-element-populated\">\n\t\t\t\t\t\t<div class=\"elementor-element elementor-element-3df5eda elementor-widget elementor-widget-text-editor\" data-id=\"3df5eda\" data-element_type=\"widget\" data-e-type=\"widget\" data-widget_type=\"text-editor.default\">\n\t\t\t\t<div class=\"elementor-widget-container\">\n\t\t\t\t\t\t\t\t\t<p><span style=\"font-weight: 400;\">Desde el a\u00f1o 2000, Olivia y Bernd son los orgullosos propietarios del Centro de Buceo Acuarios, situado en el Sotavento Beach Club en Costa Calma, Fuerteventura. Sin embargo, en marzo de 2023 vieron la oportunidad de adquirir un nuevo centro de buceo para ampliar sus horizontes en el sector del submarinismo. Este nuevo centro de buceo se encuentra en el SBH Costa Calma Beach Hotel, que est\u00e1 a s\u00f3lo dos hoteles m\u00e1s lejos que el Sotavento Club. Esta proximidad nos brinda la oportunidad de aprovechar la infraestructura de ambos centros de buceo y sacar lo mejor de los dos mundos. <\/span><\/p>\n<p><span style=\"font-weight: 400;\">En los enlaces siguientes encontrar\u00e1 fotos y descripciones de nuestros dos centros de buceo. <\/span><\/p>\n\t\t\t\t\t\t\t\t<\/div>\n\t\t\t\t<\/div>\n\t\t\t\t<section class=\"elementor-section elementor-inner-section elementor-element elementor-element-074f1f6 elementor-section-boxed elementor-section-height-default elementor-section-height-default\" data-id=\"074f1f6\" data-element_type=\"section\" data-e-type=\"section\">\n\t\t\t\t\t\t<div class=\"elementor-container elementor-column-gap-default\">\n\t\t\t\t\t<div class=\"elementor-column elementor-col-50 elementor-inner-column elementor-element elementor-element-a7bb5ed\" data-id=\"a7bb5ed\" data-element_type=\"column\" data-e-type=\"column\">\n\t\t\t<div class=\"elementor-widget-wrap elementor-element-populated\">\n\t\t\t\t\t\t<div class=\"elementor-element elementor-element-db3f8bd elementor-widget elementor-widget-heading\" data-id=\"db3f8bd\" data-element_type=\"widget\" data-e-type=\"widget\" data-widget_type=\"heading.default\">\n\t\t\t\t<div class=\"elementor-widget-container\">\n\t\t\t\t\t<h2 class=\"elementor-heading-title elementor-size-default\">SOTAVENTO BEACH CLUB<\/h2>\t\t\t\t<\/div>\n\t\t\t\t<\/div>\n\t\t\t\t<div class=\"elementor-element elementor-element-924faa4 elementor-widget elementor-widget-image\" data-id=\"924faa4\" data-element_type=\"widget\" data-e-type=\"widget\" data-widget_type=\"image.default\">\n\t\t\t\t<div class=\"elementor-widget-container\">\n\t\t\t\t\t\t\t\t\t\t\t\t\t\t\t<img fetchpriority=\"high\" decoding=\"async\" width=\"1024\" height=\"768\" src=\"https:\/\/acuarios-jandia.com\/wp-content\/uploads\/2023\/05\/P5052099-scaled-1024x768.webp\" class=\"attachment-large size-large wp-image-3013\" alt=\"\" srcset=\"https:\/\/acuarios-jandia.com\/wp-content\/uploads\/2023\/05\/P5052099-scaled-1024x768.webp 1024w, https:\/\/acuarios-jandia.com\/wp-content\/uploads\/2023\/05\/P5052099-scaled-300x225.webp 300w, https:\/\/acuarios-jandia.com\/wp-content\/uploads\/2023\/05\/P5052099-scaled-768x576.webp 768w, https:\/\/acuarios-jandia.com\/wp-content\/uploads\/2023\/05\/P5052099-scaled-1536x1152.webp 1536w, https:\/\/acuarios-jandia.com\/wp-content\/uploads\/2023\/05\/P5052099-scaled-2048x1536.webp 2048w\" sizes=\"(max-width: 1024px) 100vw, 1024px\" \/>\t\t\t\t\t\t\t\t\t\t\t\t\t\t\t<\/div>\n\t\t\t\t<\/div>\n\t\t\t\t<div class=\"elementor-element elementor-element-16a9c85 elementor-align-center elementor-widget elementor-widget-button\" data-id=\"16a9c85\" data-element_type=\"widget\" data-e-type=\"widget\" data-widget_type=\"button.default\">\n\t\t\t\t<div class=\"elementor-widget-container\">\n\t\t\t\t\t\t\t\t\t<div class=\"elementor-button-wrapper\">\n\t\t\t\t\t<a class=\"elementor-button elementor-button-link elementor-size-sm\" href=\"https:\/\/acuarios-jandia.com\/acuarios-sotavento-beach-club\/\">\n\t\t\t\t\t\t<span class=\"elementor-button-content-wrapper\">\n\t\t\t\t\t\t\t\t\t<span class=\"elementor-button-text\">Pulse aqu\u00ed<\/span>\n\t\t\t\t\t<\/span>\n\t\t\t\t\t<\/a>\n\t\t\t\t<\/div>\n\t\t\t\t\t\t\t\t<\/div>\n\t\t\t\t<\/div>\n\t\t\t\t\t<\/div>\n\t\t<\/div>\n\t\t\t\t<div class=\"elementor-column elementor-col-50 elementor-inner-column elementor-element elementor-element-02ce79d\" data-id=\"02ce79d\" data-element_type=\"column\" data-e-type=\"column\">\n\t\t\t<div class=\"elementor-widget-wrap elementor-element-populated\">\n\t\t\t\t\t\t<div class=\"elementor-element elementor-element-4c0d506 elementor-widget elementor-widget-heading\" data-id=\"4c0d506\" data-element_type=\"widget\" data-e-type=\"widget\" data-widget_type=\"heading.default\">\n\t\t\t\t<div class=\"elementor-widget-container\">\n\t\t\t\t\t<h2 class=\"elementor-heading-title elementor-size-default\">SBH Costa calma beach<\/h2>\t\t\t\t<\/div>\n\t\t\t\t<\/div>\n\t\t\t\t<div class=\"elementor-element elementor-element-d04ca53 elementor-widget elementor-widget-image\" data-id=\"d04ca53\" data-element_type=\"widget\" data-e-type=\"widget\" data-widget_type=\"image.default\">\n\t\t\t\t<div class=\"elementor-widget-container\">\n\t\t\t\t\t\t\t\t\t\t\t\t\t\t\t<img decoding=\"async\" width=\"1024\" height=\"768\" src=\"https:\/\/acuarios-jandia.com\/wp-content\/uploads\/2023\/05\/P5082143-scaled-1024x768.webp\" class=\"attachment-large size-large wp-image-3017\" alt=\"\" srcset=\"https:\/\/acuarios-jandia.com\/wp-content\/uploads\/2023\/05\/P5082143-scaled-1024x768.webp 1024w, https:\/\/acuarios-jandia.com\/wp-content\/uploads\/2023\/05\/P5082143-scaled-300x225.webp 300w, https:\/\/acuarios-jandia.com\/wp-content\/uploads\/2023\/05\/P5082143-scaled-768x576.webp 768w, https:\/\/acuarios-jandia.com\/wp-content\/uploads\/2023\/05\/P5082143-scaled-1536x1152.webp 1536w, https:\/\/acuarios-jandia.com\/wp-content\/uploads\/2023\/05\/P5082143-scaled-2048x1536.webp 2048w\" sizes=\"(max-width: 1024px) 100vw, 1024px\" \/>\t\t\t\t\t\t\t\t\t\t\t\t\t\t\t<\/div>\n\t\t\t\t<\/div>\n\t\t\t\t<div class=\"elementor-element elementor-element-a891ce6 elementor-align-center elementor-widget elementor-widget-button\" data-id=\"a891ce6\" data-element_type=\"widget\" data-e-type=\"widget\" data-widget_type=\"button.default\">\n\t\t\t\t<div class=\"elementor-widget-container\">\n\t\t\t\t\t\t\t\t\t<div class=\"elementor-button-wrapper\">\n\t\t\t\t\t<a class=\"elementor-button elementor-button-link elementor-size-sm\" href=\"https:\/\/acuarios-jandia.com\/acuarios-sbh-costa-calma\/\">\n\t\t\t\t\t\t<span class=\"elementor-button-content-wrapper\">\n\t\t\t\t\t\t\t\t\t<span class=\"elementor-button-text\">Pulse aqu\u00ed<\/span>\n\t\t\t\t\t<\/span>\n\t\t\t\t\t<\/a>\n\t\t\t\t<\/div>\n\t\t\t\t\t\t\t\t<\/div>\n\t\t\t\t<\/div>\n\t\t\t\t\t<\/div>\n\t\t<\/div>\n\t\t\t\t\t<\/div>\n\t\t<\/section>\n\t\t\t\t\t<\/div>\n\t\t<\/div>\n\t\t\t\t\t<\/div>\n\t\t<\/section>\n\t\t\t\t<\/div>\n\t\t","protected":false},"excerpt":{"rendered":"<p>Centros de buceo Desde el a\u00f1o 2000, Olivia y Bernd son los orgullosos propietarios del Centro de Buceo Acuarios, situado en el Sotavento Beach Club en Costa Calma, Fuerteventura. Sin embargo, en marzo de 2023 vieron la oportunidad de adquirir un nuevo centro de buceo para ampliar sus horizontes en el sector del submarinismo. Este [&hellip;]<\/p>\n","protected":false},"author":1,"featured_media":0,"parent":0,"menu_order":0,"comment_status":"closed","ping_status":"closed","template":"","meta":{"site-sidebar-layout":"no-sidebar","site-content-layout":"page-builder","ast-site-content-layout":"default","site-content-style":"default","site-sidebar-style":"default","ast-global-header-display":"","ast-banner-title-visibility":"","ast-main-header-display":"","ast-hfb-above-header-display":"","ast-hfb-below-header-display":"","ast-hfb-mobile-header-display":"","site-post-title":"disabled","ast-breadcrumbs-content":"","ast-featured-img":"disabled","footer-sml-layout":"","ast-disable-related-posts":"","theme-transparent-header-meta":"","adv-header-id-meta":"","stick-header-meta":"","header-above-stick-meta":"","header-main-stick-meta":"","header-below-stick-meta":"","astra-migrate-meta-layouts":"default","ast-page-background-enabled":"default","ast-page-background-meta":{"desktop":{"background-color":"","background-image":"","background-repeat":"repeat","background-position":"center center","background-size":"auto","background-attachment":"scroll","background-type":"","background-media":"","overlay-type":"","overlay-color":"","overlay-opacity":"","overlay-gradient":""},"tablet":{"background-color":"","background-image":"","background-repeat":"repeat","background-position":"center center","background-size":"auto","background-attachment":"scroll","background-type":"","background-media":"","overlay-type":"","overlay-color":"","overlay-opacity":"","overlay-gradient":""},"mobile":{"background-color":"","background-image":"","background-repeat":"repeat","background-position":"center center","background-size":"auto","background-attachment":"scroll","background-type":"","background-media":"","overlay-type":"","overlay-color":"","overlay-opacity":"","overlay-gradient":""}},"ast-content-background-meta":{"desktop":{"background-color":"var(--ast-global-color-5)","background-image":"","background-repeat":"repeat","background-position":"center center","background-size":"auto","background-attachment":"scroll","background-type":"","background-media":"","overlay-type":"","overlay-color":"","overlay-opacity":"","overlay-gradient":""},"tablet":{"background-color":"var(--ast-global-color-5)","background-image":"","background-repeat":"repeat","background-position":"center center","background-size":"auto","background-attachment":"scroll","background-type":"","background-media":"","overlay-type":"","overlay-color":"","overlay-opacity":"","overlay-gradient":""},"mobile":{"background-color":"var(--ast-global-color-5)","background-image":"","background-repeat":"repeat","background-position":"center center","background-size":"auto","background-attachment":"scroll","background-type":"","background-media":"","overlay-type":"","overlay-color":"","overlay-opacity":"","overlay-gradient":""}},"footnotes":""},"class_list":["post-3197","page","type-page","status-publish","hentry"],"yoast_head":"<!-- This site is optimized with the Yoast SEO plugin v27.1.1 - https:\/\/yoast.com\/product\/yoast-seo-wordpress\/ -->\n<title>Centros de buceo - Acuarios Jandia<\/title>\n<meta name=\"description\" content=\"Olivia y Bernd han sido los orgullosos propietarios de los Centros de Buceo Acuarios en el Sotavento Beach Club y SBH Costa Calma Beach. Eche un vistazo.\" \/>\n<meta name=\"robots\" content=\"index, follow, max-snippet:-1, max-image-preview:large, max-video-preview:-1\" \/>\n<link rel=\"canonical\" href=\"https:\/\/acuarios-jandia.com\/es\/centros-de-buceo\/\" \/>\n<meta property=\"og:locale\" content=\"es_ES\" \/>\n<meta property=\"og:type\" content=\"article\" \/>\n<meta property=\"og:title\" content=\"Centros de buceo - Acuarios Jandia\" \/>\n<meta property=\"og:description\" content=\"Olivia y Bernd han sido los orgullosos propietarios de los Centros de Buceo Acuarios en el Sotavento Beach Club y SBH Costa Calma Beach. Eche un vistazo.\" \/>\n<meta property=\"og:url\" content=\"https:\/\/acuarios-jandia.com\/es\/centros-de-buceo\/\" \/>\n<meta property=\"og:site_name\" content=\"Acuarios Jandia\" \/>\n<meta property=\"article:modified_time\" content=\"2023-06-03T13:01:52+00:00\" \/>\n<meta property=\"og:image\" content=\"https:\/\/acuarios-jandia.com\/wp-content\/uploads\/2023\/05\/P5052099-scaled-1024x768.webp\" \/>\n<meta name=\"twitter:card\" content=\"summary_large_image\" \/>\n<meta name=\"twitter:label1\" content=\"Tiempo de lectura\" \/>\n\t<meta name=\"twitter:data1\" content=\"1 minuto\" \/>\n<script type=\"application\/ld+json\" class=\"yoast-schema-graph\">{\"@context\":\"https:\/\/schema.org\",\"@graph\":[{\"@type\":\"WebPage\",\"@id\":\"https:\/\/acuarios-jandia.com\/es\/centros-de-buceo\/\",\"url\":\"https:\/\/acuarios-jandia.com\/es\/centros-de-buceo\/\",\"name\":\"Centros de buceo - Acuarios Jandia\",\"isPartOf\":{\"@id\":\"https:\/\/acuarios-jandia.com\/es\/#website\"},\"primaryImageOfPage\":{\"@id\":\"https:\/\/acuarios-jandia.com\/es\/centros-de-buceo\/#primaryimage\"},\"image\":{\"@id\":\"https:\/\/acuarios-jandia.com\/es\/centros-de-buceo\/#primaryimage\"},\"thumbnailUrl\":\"https:\/\/acuarios-jandia.com\/wp-content\/uploads\/2023\/05\/P5052099-scaled-1024x768.webp\",\"datePublished\":\"2023-05-19T13:35:21+00:00\",\"dateModified\":\"2023-06-03T13:01:52+00:00\",\"description\":\"Olivia y Bernd han sido los orgullosos propietarios de los Centros de Buceo Acuarios en el Sotavento Beach Club y SBH Costa Calma Beach. Eche un vistazo.\",\"breadcrumb\":{\"@id\":\"https:\/\/acuarios-jandia.com\/es\/centros-de-buceo\/#breadcrumb\"},\"inLanguage\":\"es\",\"potentialAction\":[{\"@type\":\"ReadAction\",\"target\":[\"https:\/\/acuarios-jandia.com\/es\/centros-de-buceo\/\"]}]},{\"@type\":\"ImageObject\",\"inLanguage\":\"es\",\"@id\":\"https:\/\/acuarios-jandia.com\/es\/centros-de-buceo\/#primaryimage\",\"url\":\"https:\/\/acuarios-jandia.com\/wp-content\/uploads\/2023\/05\/P5052099-scaled-1024x768.webp\",\"contentUrl\":\"https:\/\/acuarios-jandia.com\/wp-content\/uploads\/2023\/05\/P5052099-scaled-1024x768.webp\"},{\"@type\":\"BreadcrumbList\",\"@id\":\"https:\/\/acuarios-jandia.com\/es\/centros-de-buceo\/#breadcrumb\",\"itemListElement\":[{\"@type\":\"ListItem\",\"position\":1,\"name\":\"Portada\",\"item\":\"https:\/\/acuarios-jandia.com\/es\/home\/\"},{\"@type\":\"ListItem\",\"position\":2,\"name\":\"Centros de buceo\"}]},{\"@type\":\"WebSite\",\"@id\":\"https:\/\/acuarios-jandia.com\/es\/#website\",\"url\":\"https:\/\/acuarios-jandia.com\/es\/\",\"name\":\"Acuarios Jandia\",\"description\":\"Dive center\",\"publisher\":{\"@id\":\"https:\/\/acuarios-jandia.com\/es\/#organization\"},\"potentialAction\":[{\"@type\":\"SearchAction\",\"target\":{\"@type\":\"EntryPoint\",\"urlTemplate\":\"https:\/\/acuarios-jandia.com\/es\/?s={search_term_string}\"},\"query-input\":{\"@type\":\"PropertyValueSpecification\",\"valueRequired\":true,\"valueName\":\"search_term_string\"}}],\"inLanguage\":\"es\"},{\"@type\":\"Organization\",\"@id\":\"https:\/\/acuarios-jandia.com\/es\/#organization\",\"name\":\"Acuarios Jandia Dive Center\",\"url\":\"https:\/\/acuarios-jandia.com\/es\/\",\"logo\":{\"@type\":\"ImageObject\",\"inLanguage\":\"es\",\"@id\":\"https:\/\/acuarios-jandia.com\/es\/#\/schema\/logo\/image\/\",\"url\":\"https:\/\/acuarios-jandia.com\/wp-content\/uploads\/2023\/05\/Logo23-09b-e1738232819532.webp\",\"contentUrl\":\"https:\/\/acuarios-jandia.com\/wp-content\/uploads\/2023\/05\/Logo23-09b-e1738232819532.webp\",\"width\":709,\"height\":709,\"caption\":\"Acuarios Jandia Dive Center\"},\"image\":{\"@id\":\"https:\/\/acuarios-jandia.com\/es\/#\/schema\/logo\/image\/\"}}]}<\/script>\n<!-- \/ Yoast SEO plugin. -->","yoast_head_json":{"title":"Centros de buceo - Acuarios Jandia","description":"Olivia y Bernd han sido los orgullosos propietarios de los Centros de Buceo Acuarios en el Sotavento Beach Club y SBH Costa Calma Beach. Eche un vistazo.","robots":{"index":"index","follow":"follow","max-snippet":"max-snippet:-1","max-image-preview":"max-image-preview:large","max-video-preview":"max-video-preview:-1"},"canonical":"https:\/\/acuarios-jandia.com\/es\/centros-de-buceo\/","og_locale":"es_ES","og_type":"article","og_title":"Centros de buceo - Acuarios Jandia","og_description":"Olivia y Bernd han sido los orgullosos propietarios de los Centros de Buceo Acuarios en el Sotavento Beach Club y SBH Costa Calma Beach. Eche un vistazo.","og_url":"https:\/\/acuarios-jandia.com\/es\/centros-de-buceo\/","og_site_name":"Acuarios Jandia","article_modified_time":"2023-06-03T13:01:52+00:00","og_image":[{"url":"https:\/\/acuarios-jandia.com\/wp-content\/uploads\/2023\/05\/P5052099-scaled-1024x768.webp","type":"","width":"","height":""}],"twitter_card":"summary_large_image","twitter_misc":{"Tiempo de lectura":"1 minuto"},"schema":{"@context":"https:\/\/schema.org","@graph":[{"@type":"WebPage","@id":"https:\/\/acuarios-jandia.com\/es\/centros-de-buceo\/","url":"https:\/\/acuarios-jandia.com\/es\/centros-de-buceo\/","name":"Centros de buceo - Acuarios Jandia","isPartOf":{"@id":"https:\/\/acuarios-jandia.com\/es\/#website"},"primaryImageOfPage":{"@id":"https:\/\/acuarios-jandia.com\/es\/centros-de-buceo\/#primaryimage"},"image":{"@id":"https:\/\/acuarios-jandia.com\/es\/centros-de-buceo\/#primaryimage"},"thumbnailUrl":"https:\/\/acuarios-jandia.com\/wp-content\/uploads\/2023\/05\/P5052099-scaled-1024x768.webp","datePublished":"2023-05-19T13:35:21+00:00","dateModified":"2023-06-03T13:01:52+00:00","description":"Olivia y Bernd han sido los orgullosos propietarios de los Centros de Buceo Acuarios en el Sotavento Beach Club y SBH Costa Calma Beach. Eche un vistazo.","breadcrumb":{"@id":"https:\/\/acuarios-jandia.com\/es\/centros-de-buceo\/#breadcrumb"},"inLanguage":"es","potentialAction":[{"@type":"ReadAction","target":["https:\/\/acuarios-jandia.com\/es\/centros-de-buceo\/"]}]},{"@type":"ImageObject","inLanguage":"es","@id":"https:\/\/acuarios-jandia.com\/es\/centros-de-buceo\/#primaryimage","url":"https:\/\/acuarios-jandia.com\/wp-content\/uploads\/2023\/05\/P5052099-scaled-1024x768.webp","contentUrl":"https:\/\/acuarios-jandia.com\/wp-content\/uploads\/2023\/05\/P5052099-scaled-1024x768.webp"},{"@type":"BreadcrumbList","@id":"https:\/\/acuarios-jandia.com\/es\/centros-de-buceo\/#breadcrumb","itemListElement":[{"@type":"ListItem","position":1,"name":"Portada","item":"https:\/\/acuarios-jandia.com\/es\/home\/"},{"@type":"ListItem","position":2,"name":"Centros de buceo"}]},{"@type":"WebSite","@id":"https:\/\/acuarios-jandia.com\/es\/#website","url":"https:\/\/acuarios-jandia.com\/es\/","name":"Acuarios Jandia","description":"Dive center","publisher":{"@id":"https:\/\/acuarios-jandia.com\/es\/#organization"},"potentialAction":[{"@type":"SearchAction","target":{"@type":"EntryPoint","urlTemplate":"https:\/\/acuarios-jandia.com\/es\/?s={search_term_string}"},"query-input":{"@type":"PropertyValueSpecification","valueRequired":true,"valueName":"search_term_string"}}],"inLanguage":"es"},{"@type":"Organization","@id":"https:\/\/acuarios-jandia.com\/es\/#organization","name":"Acuarios Jandia Dive Center","url":"https:\/\/acuarios-jandia.com\/es\/","logo":{"@type":"ImageObject","inLanguage":"es","@id":"https:\/\/acuarios-jandia.com\/es\/#\/schema\/logo\/image\/","url":"https:\/\/acuarios-jandia.com\/wp-content\/uploads\/2023\/05\/Logo23-09b-e1738232819532.webp","contentUrl":"https:\/\/acuarios-jandia.com\/wp-content\/uploads\/2023\/05\/Logo23-09b-e1738232819532.webp","width":709,"height":709,"caption":"Acuarios Jandia Dive Center"},"image":{"@id":"https:\/\/acuarios-jandia.com\/es\/#\/schema\/logo\/image\/"}}]}},"_links":{"self":[{"href":"https:\/\/acuarios-jandia.com\/es\/wp-json\/wp\/v2\/pages\/3197","targetHints":{"allow":["GET"]}}],"collection":[{"href":"https:\/\/acuarios-jandia.com\/es\/wp-json\/wp\/v2\/pages"}],"about":[{"href":"https:\/\/acuarios-jandia.com\/es\/wp-json\/wp\/v2\/types\/page"}],"author":[{"embeddable":true,"href":"https:\/\/acuarios-jandia.com\/es\/wp-json\/wp\/v2\/users\/1"}],"replies":[{"embeddable":true,"href":"https:\/\/acuarios-jandia.com\/es\/wp-json\/wp\/v2\/comments?post=3197"}],"version-history":[{"count":1,"href":"https:\/\/acuarios-jandia.com\/es\/wp-json\/wp\/v2\/pages\/3197\/revisions"}],"predecessor-version":[{"id":3198,"href":"https:\/\/acuarios-jandia.com\/es\/wp-json\/wp\/v2\/pages\/3197\/revisions\/3198"}],"wp:attachment":[{"href":"https:\/\/acuarios-jandia.com\/es\/wp-json\/wp\/v2\/media?parent=3197"}],"curies":[{"name":"wp","href":"https:\/\/api.w.org\/{rel}","templated":true}]}}